{"id":30363,"date":"2025-11-06T11:20:02","date_gmt":"2025-11-06T11:20:02","guid":{"rendered":"https:\/\/cipele.ba\/shop\/uncategorized\/kronos-nicholas-3\/"},"modified":"2026-04-22T06:25:31","modified_gmt":"2026-04-22T06:25:31","slug":"kronos-nicholas-3","status":"publish","type":"product","link":"https:\/\/cipele.ba\/en\/shop\/muskarci\/muske-patike\/kronos-nicholas-3\/","title":{"rendered":"Kronos Nicholas"},"content":{"rendered":"<p><!--googleoff: all--> <\/p>\n<p> Izrazi svoj jedinstveni stil u ovim Kronos Nicholas mu\u0161kim lifestyle patikama. <\/p>\n<\/p>\n<p> <b> Detalji <\/b> <\/p>\n<li> Vezanje na pertle <\/li>\n<li> Kronos logo <\/li>\n<li> Jezi\u010dak za povla\u010denje na peti <!--googleon: all--> <\/li>","protected":false},"excerpt":{"rendered":"<p>Izrazi svoj jedinstveni stil u ovim Kronos Nicholas mu\u0161kim lifestyle patikama. Detalji Vezanje na pertle Kronos logo Jezi\u010dak za povla\u010denje na peti<\/p>","protected":false},"featured_media":30361,"template":"","meta":{"jetpack_post_was_ever_published":false},"product_brand":[111],"product_cat":[67],"product_tag":[],"class_list":{"0":"post-30363","1":"product","2":"type-product","3":"status-publish","4":"has-post-thumbnail","6":"product_brand-sport_reality","7":"product_cat-muske-patike","9":"first","10":"instock","11":"sale","12":"shipping-taxable","13":"product-type-external"},"jetpack-related-posts":[],"jetpack_sharing_enabled":true,"_links":{"self":[{"href":"https:\/\/cipele.ba\/en\/wp-json\/wp\/v2\/product\/30363","targetHints":{"allow":["GET"]}}],"collection":[{"href":"https:\/\/cipele.ba\/en\/wp-json\/wp\/v2\/product"}],"about":[{"href":"https:\/\/cipele.ba\/en\/wp-json\/wp\/v2\/types\/product"}],"wp:featuredmedia":[{"embeddable":true,"href":"https:\/\/cipele.ba\/en\/wp-json\/wp\/v2\/media\/30361"}],"wp:attachment":[{"href":"https:\/\/cipele.ba\/en\/wp-json\/wp\/v2\/media?parent=30363"}],"wp:term":[{"taxonomy":"product_brand","embeddable":true,"href":"https:\/\/cipele.ba\/en\/wp-json\/wp\/v2\/product_brand?post=30363"},{"taxonomy":"product_cat","embeddable":true,"href":"https:\/\/cipele.ba\/en\/wp-json\/wp\/v2\/product_cat?post=30363"},{"taxonomy":"product_tag","embeddable":true,"href":"https:\/\/cipele.ba\/en\/wp-json\/wp\/v2\/product_tag?post=30363"}],"curies":[{"name":"wp","href":"https:\/\/api.w.org\/{rel}","templated":true}]}}