{"id":30379,"date":"2025-11-06T11:20:13","date_gmt":"2025-11-06T11:20:13","guid":{"rendered":"https:\/\/cipele.ba\/shop\/uncategorized\/adidas-terrex-trailmaker-2-gore-tex\/"},"modified":"2026-04-21T23:42:11","modified_gmt":"2026-04-21T23:42:11","slug":"adidas-terrex-trailmaker-2-gore-tex","status":"publish","type":"product","link":"https:\/\/cipele.ba\/en\/shop\/muskarci\/muske-patike\/adidas-terrex-trailmaker-2-gore-tex\/","title":{"rendered":"adidas Terrex Trailmaker 2 Gore-Tex"},"content":{"rendered":"<p><!--googleoff: all--> <\/p>\n<p> Prilagodljive i lagane, adidas Terrex Trailmaker 2.0 Gore-Tex mu\u0161ke outdoor patike imaju vodootpornu GORE-TEX membranu koja \u0107e vam garantovano omogu\u0107iti da budete suvi. <\/p>\n<\/p>\n<p> <b> Detalji <\/b> <\/p>\n<li> EVA srednji \u0111on za udobnost <\/li>\n<li> Prianjaju\u0107i Continental\u2122 gumeni spoljni \u0111on <\/li>\n<li> Gore-Tex membrana za odr\u017eavanje suvo\u0107e va\u0161ih stopala <!--googleon: all--> <\/li>","protected":false},"excerpt":{"rendered":"<p>Prilagodljive i lagane, adidas Terrex Trailmaker 2.0 Gore-Tex mu\u0161ke outdoor patike imaju vodootpornu GORE-TEX membranu koja \u0107e vam garantovano omogu\u0107iti da budete suvi. Detalji EVA srednji \u0111on za udobnost Prianjaju\u0107i Continental\u2122 gumeni spoljni \u0111on Gore-Tex membrana za odr\u017eavanje suvo\u0107e va\u0161ih stopala<\/p>","protected":false},"featured_media":30377,"template":"","meta":{"jetpack_post_was_ever_published":false},"product_brand":[111],"product_cat":[67],"product_tag":[],"class_list":{"0":"post-30379","1":"product","2":"type-product","3":"status-publish","4":"has-post-thumbnail","6":"product_brand-sport_reality","7":"product_cat-muske-patike","9":"first","10":"instock","11":"sale","12":"shipping-taxable","13":"product-type-external"},"jetpack-related-posts":[],"jetpack_sharing_enabled":true,"_links":{"self":[{"href":"https:\/\/cipele.ba\/en\/wp-json\/wp\/v2\/product\/30379","targetHints":{"allow":["GET"]}}],"collection":[{"href":"https:\/\/cipele.ba\/en\/wp-json\/wp\/v2\/product"}],"about":[{"href":"https:\/\/cipele.ba\/en\/wp-json\/wp\/v2\/types\/product"}],"wp:featuredmedia":[{"embeddable":true,"href":"https:\/\/cipele.ba\/en\/wp-json\/wp\/v2\/media\/30377"}],"wp:attachment":[{"href":"https:\/\/cipele.ba\/en\/wp-json\/wp\/v2\/media?parent=30379"}],"wp:term":[{"taxonomy":"product_brand","embeddable":true,"href":"https:\/\/cipele.ba\/en\/wp-json\/wp\/v2\/product_brand?post=30379"},{"taxonomy":"product_cat","embeddable":true,"href":"https:\/\/cipele.ba\/en\/wp-json\/wp\/v2\/product_cat?post=30379"},{"taxonomy":"product_tag","embeddable":true,"href":"https:\/\/cipele.ba\/en\/wp-json\/wp\/v2\/product_tag?post=30379"}],"curies":[{"name":"wp","href":"https:\/\/api.w.org\/{rel}","templated":true}]}}