{"id":30380,"date":"2025-11-06T11:20:13","date_gmt":"2025-11-06T11:20:13","guid":{"rendered":"https:\/\/cipele.ba\/shop\/uncategorized\/nike-court-vision-5\/"},"modified":"2026-04-22T04:55:34","modified_gmt":"2026-04-22T04:55:34","slug":"nike-court-vision-5","status":"publish","type":"product","link":"https:\/\/cipele.ba\/en\/shop\/muskarci\/muske-patike\/nike-court-vision-5\/","title":{"rendered":"Nike Court Vision"},"content":{"rendered":"<p><!--googleoff: all--> <\/p>\n<p> Vratite se u stilu sa Nike Court Vision mu\u0161kim lifestyle patikama. Inspirisane ko\u0161arka\u0161kim terenima osamdesetih i prilago\u0111ene dana\u0161njoj igri, donose old-school duh sa modernim prizvukom. <\/p>\n<\/p>\n<p> <b> Detalji <\/b> <\/p>\n<li> Kombinacija prirodne i sinteti\u010dke ko\u017ee uz perforacije na prstima i sa strane pru\u017ea prozra\u010dnost i udobnost <\/li>\n<li> Debele pertle, klasi\u010dni kru\u017eni obrasci na \u0111onu i retro Swoosh dizajn daju \u010dist i svestran izgled za svaku priliku <\/li>\n<li> Vulkanizovana konstrukcija spaja \u0111on i me\u0111upotplat za dugotrajnu udobnost i izdr\u017eljivost <!--googleon: all--> <\/li>","protected":false},"excerpt":{"rendered":"<p>Vratite se u stilu sa Nike Court Vision mu\u0161kim lifestyle patikama. Inspirisane ko\u0161arka\u0161kim terenima osamdesetih i prilago\u0111ene dana\u0161njoj igri, donose old-school duh sa modernim prizvukom. Detalji Kombinacija prirodne i sinteti\u010dke ko\u017ee uz perforacije na prstima i sa strane pru\u017ea prozra\u010dnost i udobnost Debele pertle, klasi\u010dni kru\u017eni obrasci na \u0111onu i retro Swoosh dizajn daju \u010dist [&hellip;]<\/p>","protected":false},"featured_media":30376,"template":"","meta":{"jetpack_post_was_ever_published":false},"product_brand":[111],"product_cat":[67],"product_tag":[],"class_list":{"0":"post-30380","1":"product","2":"type-product","3":"status-publish","4":"has-post-thumbnail","6":"product_brand-sport_reality","7":"product_cat-muske-patike","9":"first","10":"instock","11":"sale","12":"shipping-taxable","13":"product-type-external"},"jetpack-related-posts":[],"jetpack_sharing_enabled":true,"_links":{"self":[{"href":"https:\/\/cipele.ba\/en\/wp-json\/wp\/v2\/product\/30380","targetHints":{"allow":["GET"]}}],"collection":[{"href":"https:\/\/cipele.ba\/en\/wp-json\/wp\/v2\/product"}],"about":[{"href":"https:\/\/cipele.ba\/en\/wp-json\/wp\/v2\/types\/product"}],"wp:featuredmedia":[{"embeddable":true,"href":"https:\/\/cipele.ba\/en\/wp-json\/wp\/v2\/media\/30376"}],"wp:attachment":[{"href":"https:\/\/cipele.ba\/en\/wp-json\/wp\/v2\/media?parent=30380"}],"wp:term":[{"taxonomy":"product_brand","embeddable":true,"href":"https:\/\/cipele.ba\/en\/wp-json\/wp\/v2\/product_brand?post=30380"},{"taxonomy":"product_cat","embeddable":true,"href":"https:\/\/cipele.ba\/en\/wp-json\/wp\/v2\/product_cat?post=30380"},{"taxonomy":"product_tag","embeddable":true,"href":"https:\/\/cipele.ba\/en\/wp-json\/wp\/v2\/product_tag?post=30380"}],"curies":[{"name":"wp","href":"https:\/\/api.w.org\/{rel}","templated":true}]}}