{"id":30391,"date":"2025-11-06T11:20:22","date_gmt":"2025-11-06T11:20:22","guid":{"rendered":"https:\/\/cipele.ba\/shop\/uncategorized\/nike-juniper-trail-3-2\/"},"modified":"2026-04-21T15:06:27","modified_gmt":"2026-04-21T15:06:27","slug":"nike-juniper-trail-3-2","status":"publish","type":"product","link":"https:\/\/cipele.ba\/en\/shop\/muskarci\/muske-patike\/nike-juniper-trail-3-2\/","title":{"rendered":"Nike Juniper Trail 3"},"content":{"rendered":"<p><!--googleoff: all--> <\/p>\n<p> Osvajanje neravnih terena vi\u0161e nije nemogu\u0107a misija uz Nike Juniper Trail 3 mu\u0161ke patike za tr\u010danje. <\/p>\n<\/p>\n<p> <b> Detalji <\/b> <\/p>\n<li> Nike All Terrain Compound spoljni \u0111on od mje\u0161avine za sve terene koja je efikasna i na vla\u017enom vremenu vam pru\u017ea stabilnost na stazama <\/li>\n<li> Srednji \u0111on od pjene punom du\u017einom pru\u017ea mek i amortizovan do\u017eivljaj <\/li>\n<li> Fleksibilni sistem na sredini stopala povezuje gornji\u0161te i srednji \u0111on radi ve\u0107e potpore i stabilnosti <\/li>\n<li> Umek\u0161ali smo dodatne ta\u010dke du\u017e pene na rubu i jezika da bismo smanjili ometanja <\/li>\n<li> Gornji\u0161te od izdr\u017eljive mre\u017easte tkanine koja pru\u017ea premijum udobnost i potporu <!--googleon: all--> <\/li>","protected":false},"excerpt":{"rendered":"<p>Osvajanje neravnih terena vi\u0161e nije nemogu\u0107a misija uz Nike Juniper Trail 3 mu\u0161ke patike za tr\u010danje. Detalji Nike All Terrain Compound spoljni \u0111on od mje\u0161avine za sve terene koja je efikasna i na vla\u017enom vremenu vam pru\u017ea stabilnost na stazama Srednji \u0111on od pjene punom du\u017einom pru\u017ea mek i amortizovan do\u017eivljaj Fleksibilni sistem na sredini [&hellip;]<\/p>","protected":false},"featured_media":30388,"template":"","meta":{"jetpack_post_was_ever_published":false},"product_brand":[111],"product_cat":[67],"product_tag":[],"class_list":{"0":"post-30391","1":"product","2":"type-product","3":"status-publish","4":"has-post-thumbnail","6":"product_brand-sport_reality","7":"product_cat-muske-patike","9":"first","10":"instock","11":"sale","12":"shipping-taxable","13":"product-type-external"},"jetpack-related-posts":[],"jetpack_sharing_enabled":true,"_links":{"self":[{"href":"https:\/\/cipele.ba\/en\/wp-json\/wp\/v2\/product\/30391","targetHints":{"allow":["GET"]}}],"collection":[{"href":"https:\/\/cipele.ba\/en\/wp-json\/wp\/v2\/product"}],"about":[{"href":"https:\/\/cipele.ba\/en\/wp-json\/wp\/v2\/types\/product"}],"wp:featuredmedia":[{"embeddable":true,"href":"https:\/\/cipele.ba\/en\/wp-json\/wp\/v2\/media\/30388"}],"wp:attachment":[{"href":"https:\/\/cipele.ba\/en\/wp-json\/wp\/v2\/media?parent=30391"}],"wp:term":[{"taxonomy":"product_brand","embeddable":true,"href":"https:\/\/cipele.ba\/en\/wp-json\/wp\/v2\/product_brand?post=30391"},{"taxonomy":"product_cat","embeddable":true,"href":"https:\/\/cipele.ba\/en\/wp-json\/wp\/v2\/product_cat?post=30391"},{"taxonomy":"product_tag","embeddable":true,"href":"https:\/\/cipele.ba\/en\/wp-json\/wp\/v2\/product_tag?post=30391"}],"curies":[{"name":"wp","href":"https:\/\/api.w.org\/{rel}","templated":true}]}}