{"id":30397,"date":"2025-11-06T11:20:27","date_gmt":"2025-11-06T11:20:27","guid":{"rendered":"https:\/\/cipele.ba\/shop\/uncategorized\/lotto-soto\/"},"modified":"2026-04-21T14:32:21","modified_gmt":"2026-04-21T14:32:21","slug":"lotto-soto","status":"publish","type":"product","link":"https:\/\/cipele.ba\/en\/shop\/muskarci\/muske-patike\/lotto-soto\/","title":{"rendered":"Lotto Soto"},"content":{"rendered":"<p><!--googleoff: all--> <\/p>\n<p> Lotto Soto mu\u0161ke lifestyle patike spajaju bezvremenski dizajn i moderne detalje. Uz ravan spoljni \u0111on i diskretne logotipe sa strane i na jeziku, pru\u017eaju svedeni stil. Brendirana gumena plo\u010dica na pertlama dodaje jedinstven dodir. Gornji\u0161te je napravljeno od izdr\u017eljivog le\u017eernog PU, dok sinteti\u010dka mre\u017easta postava pru\u017ea prozra\u010dnost i udobnost. Ulo\u017eak od memorijske pjene pru\u017ea vrhunsku amortizaciju, \u0161to ove patike \u010dini savr\u0161enim za no\u0161enje tokom cijelog dana. <\/p>\n<\/p>\n<p> <b> Detalji <\/b> <\/p>\n<li> Sinteti\u010dka mre\u017easta postava <\/li>\n<li> Pertle <!--googleon: all--> <\/li>","protected":false},"excerpt":{"rendered":"<p>Lotto Soto mu\u0161ke lifestyle patike spajaju bezvremenski dizajn i moderne detalje. Uz ravan spoljni \u0111on i diskretne logotipe sa strane i na jeziku, pru\u017eaju svedeni stil. Brendirana gumena plo\u010dica na pertlama dodaje jedinstven dodir. Gornji\u0161te je napravljeno od izdr\u017eljivog le\u017eernog PU, dok sinteti\u010dka mre\u017easta postava pru\u017ea prozra\u010dnost i udobnost. Ulo\u017eak od memorijske pjene pru\u017ea vrhunsku [&hellip;]<\/p>","protected":false},"featured_media":30394,"template":"","meta":{"jetpack_post_was_ever_published":false},"product_brand":[111],"product_cat":[67],"product_tag":[],"class_list":{"0":"post-30397","1":"product","2":"type-product","3":"status-publish","4":"has-post-thumbnail","6":"product_brand-sport_reality","7":"product_cat-muske-patike","9":"first","10":"instock","11":"sale","12":"shipping-taxable","13":"product-type-external"},"jetpack-related-posts":[],"jetpack_sharing_enabled":true,"_links":{"self":[{"href":"https:\/\/cipele.ba\/en\/wp-json\/wp\/v2\/product\/30397","targetHints":{"allow":["GET"]}}],"collection":[{"href":"https:\/\/cipele.ba\/en\/wp-json\/wp\/v2\/product"}],"about":[{"href":"https:\/\/cipele.ba\/en\/wp-json\/wp\/v2\/types\/product"}],"wp:featuredmedia":[{"embeddable":true,"href":"https:\/\/cipele.ba\/en\/wp-json\/wp\/v2\/media\/30394"}],"wp:attachment":[{"href":"https:\/\/cipele.ba\/en\/wp-json\/wp\/v2\/media?parent=30397"}],"wp:term":[{"taxonomy":"product_brand","embeddable":true,"href":"https:\/\/cipele.ba\/en\/wp-json\/wp\/v2\/product_brand?post=30397"},{"taxonomy":"product_cat","embeddable":true,"href":"https:\/\/cipele.ba\/en\/wp-json\/wp\/v2\/product_cat?post=30397"},{"taxonomy":"product_tag","embeddable":true,"href":"https:\/\/cipele.ba\/en\/wp-json\/wp\/v2\/product_tag?post=30397"}],"curies":[{"name":"wp","href":"https:\/\/api.w.org\/{rel}","templated":true}]}}