{"id":30410,"date":"2025-11-06T11:20:37","date_gmt":"2025-11-06T11:20:37","guid":{"rendered":"https:\/\/cipele.ba\/shop\/uncategorized\/kronos-beatriz-2\/"},"modified":"2026-04-22T03:30:30","modified_gmt":"2026-04-22T03:30:30","slug":"kronos-beatriz-2","status":"publish","type":"product","link":"https:\/\/cipele.ba\/en\/shop\/muskarci\/muske-patike\/kronos-beatriz-2\/","title":{"rendered":"Kronos Beatriz"},"content":{"rendered":"<p><!--googleoff: all--> <\/p>\n<p> Kronos Beatriz su mu\u0161ke lifestyle patike sa le\u017eernim dizajnom, jednostavne za odr\u017eavanje i jo\u0161 lak\u0161e za kombinovanje. <\/p>\n<\/p>\n<p> <b> Detalji <\/b> <\/p>\n<li> Izdr\u017eljiv gornji dio <\/li>\n<li> Klasi\u010dne pertle <\/li>\n<li> Gumeni \u0111on pru\u017ea superiorno prianjanje na bilo kojoj povr\u0161ini <\/li>\n<li> Niski profil <!--googleon: all--> <\/li>","protected":false},"excerpt":{"rendered":"<p>Kronos Beatriz su mu\u0161ke lifestyle patike sa le\u017eernim dizajnom, jednostavne za odr\u017eavanje i jo\u0161 lak\u0161e za kombinovanje. Detalji Izdr\u017eljiv gornji dio Klasi\u010dne pertle Gumeni \u0111on pru\u017ea superiorno prianjanje na bilo kojoj povr\u0161ini Niski profil<\/p>","protected":false},"featured_media":30408,"template":"","meta":{"jetpack_post_was_ever_published":false},"product_brand":[111],"product_cat":[67],"product_tag":[],"class_list":{"0":"post-30410","1":"product","2":"type-product","3":"status-publish","4":"has-post-thumbnail","6":"product_brand-sport_reality","7":"product_cat-muske-patike","9":"first","10":"instock","11":"sale","12":"shipping-taxable","13":"product-type-external"},"jetpack-related-posts":[],"jetpack_sharing_enabled":true,"_links":{"self":[{"href":"https:\/\/cipele.ba\/en\/wp-json\/wp\/v2\/product\/30410","targetHints":{"allow":["GET"]}}],"collection":[{"href":"https:\/\/cipele.ba\/en\/wp-json\/wp\/v2\/product"}],"about":[{"href":"https:\/\/cipele.ba\/en\/wp-json\/wp\/v2\/types\/product"}],"wp:featuredmedia":[{"embeddable":true,"href":"https:\/\/cipele.ba\/en\/wp-json\/wp\/v2\/media\/30408"}],"wp:attachment":[{"href":"https:\/\/cipele.ba\/en\/wp-json\/wp\/v2\/media?parent=30410"}],"wp:term":[{"taxonomy":"product_brand","embeddable":true,"href":"https:\/\/cipele.ba\/en\/wp-json\/wp\/v2\/product_brand?post=30410"},{"taxonomy":"product_cat","embeddable":true,"href":"https:\/\/cipele.ba\/en\/wp-json\/wp\/v2\/product_cat?post=30410"},{"taxonomy":"product_tag","embeddable":true,"href":"https:\/\/cipele.ba\/en\/wp-json\/wp\/v2\/product_tag?post=30410"}],"curies":[{"name":"wp","href":"https:\/\/api.w.org\/{rel}","templated":true}]}}