{"id":30411,"date":"2025-11-06T11:20:38","date_gmt":"2025-11-06T11:20:38","guid":{"rendered":"https:\/\/cipele.ba\/shop\/uncategorized\/nike-tiempo-legend-10-club-ic\/"},"modified":"2026-04-22T00:14:38","modified_gmt":"2026-04-22T00:14:38","slug":"nike-tiempo-legend-10-club-ic","status":"publish","type":"product","link":"https:\/\/cipele.ba\/en\/shop\/muskarci\/muske-patike\/nike-tiempo-legend-10-club-ic\/","title":{"rendered":"Nike Tiempo Legend 10 Club IC"},"content":{"rendered":"<p><!--googleoff: all--> <\/p>\n<p> Nike Tiempo Legend 10 Club IC mu\u0161ke patike za fudbal napravljene su za bolji dodir sa loptom i pravo pristajanje. <\/p>\n<p> Lak\u0161e, ugla\u0111enije i modernije od bilo kog Tiempo modela do sada, dizajnirane su za bilo koju poziciju na terenu. Flytouch je novo- implementirano gornji\u0161te od projektovane ko\u017ee koje je nevjerovatno meko, \u0161to omogu\u0107ava prirodan dodir sa loptom bez preopterec\u0301enja materijala nakon dugih sati igre. Mikrota\u010dke poja\u010davaju dodirne zone za \u0161ut, dribling i dodavanja. Wet Touch zavr\u0161na obrada dizajnirana je za pouzdan dodir po vla\u017enom i suvom vremenu. <\/p>\n<p> Specifikacija: <\/p>\n<li> Za igru na ulicama, terenima i unutra\u0161njim povr\u0161inama <\/li>\n<li> Plitak profil <\/li>\n<li> Pertlanje <\/li>\n<li> Flytouch gornji\u0161te <!--googleon: all--> <\/li>","protected":false},"excerpt":{"rendered":"<p>Nike Tiempo Legend 10 Club IC mu\u0161ke patike za fudbal napravljene su za bolji dodir sa loptom i pravo pristajanje. Lak\u0161e, ugla\u0111enije i modernije od bilo kog Tiempo modela do sada, dizajnirane su za bilo koju poziciju na terenu. Flytouch je novo- implementirano gornji\u0161te od projektovane ko\u017ee koje je nevjerovatno meko, \u0161to omogu\u0107ava prirodan dodir [&hellip;]<\/p>","protected":false},"featured_media":30409,"template":"","meta":{"jetpack_post_was_ever_published":false},"product_brand":[111],"product_cat":[67],"product_tag":[],"class_list":{"0":"post-30411","1":"product","2":"type-product","3":"status-publish","4":"has-post-thumbnail","6":"product_brand-sport_reality","7":"product_cat-muske-patike","9":"first","10":"instock","11":"sale","12":"shipping-taxable","13":"product-type-external"},"jetpack-related-posts":[],"jetpack_sharing_enabled":true,"_links":{"self":[{"href":"https:\/\/cipele.ba\/en\/wp-json\/wp\/v2\/product\/30411","targetHints":{"allow":["GET"]}}],"collection":[{"href":"https:\/\/cipele.ba\/en\/wp-json\/wp\/v2\/product"}],"about":[{"href":"https:\/\/cipele.ba\/en\/wp-json\/wp\/v2\/types\/product"}],"wp:featuredmedia":[{"embeddable":true,"href":"https:\/\/cipele.ba\/en\/wp-json\/wp\/v2\/media\/30409"}],"wp:attachment":[{"href":"https:\/\/cipele.ba\/en\/wp-json\/wp\/v2\/media?parent=30411"}],"wp:term":[{"taxonomy":"product_brand","embeddable":true,"href":"https:\/\/cipele.ba\/en\/wp-json\/wp\/v2\/product_brand?post=30411"},{"taxonomy":"product_cat","embeddable":true,"href":"https:\/\/cipele.ba\/en\/wp-json\/wp\/v2\/product_cat?post=30411"},{"taxonomy":"product_tag","embeddable":true,"href":"https:\/\/cipele.ba\/en\/wp-json\/wp\/v2\/product_tag?post=30411"}],"curies":[{"name":"wp","href":"https:\/\/api.w.org\/{rel}","templated":true}]}}