{"id":30433,"date":"2025-11-06T11:20:53","date_gmt":"2025-11-06T11:20:53","guid":{"rendered":"https:\/\/cipele.ba\/shop\/uncategorized\/puma-caven-2-0-abrupt\/"},"modified":"2026-04-22T02:49:38","modified_gmt":"2026-04-22T02:49:38","slug":"puma-caven-2-0-abrupt","status":"publish","type":"product","link":"https:\/\/cipele.ba\/en\/shop\/muskarci\/muske-patike\/puma-caven-2-0-abrupt\/","title":{"rendered":"Puma Caven 2.0 Abrupt"},"content":{"rendered":"<p><!--googleoff: all--> <\/p>\n<p> Dominirajte uli\u010dnim stilom u Puma Caven 2.0 Abrupt mu\u0161kim patikama. <\/p>\n<\/p>\n<p> <b> Detalji <\/b> <\/p>\n<li> Softfoam+ ulo\u017eak je dizajniran da osigura meko amortizovanje zahvaljuju\u0107i izuzetno debeloj peti <\/li>\n<li> Regularno pristaje <\/li>\n<li> Sinteti\u010dki gornji dio <\/li>\n<li> Mre\u017easta podstava <\/li>\n<li> Pertlanje <\/li>\n<li> Robustan gumeni \u0111on <\/li>\n<li> Detalji perforacije\n<\/p>\n<p> <b> Eco Story <\/b> <\/li>\n<li> Gornji dio je napravljen od najmanje 20% recikliranih materijala, a donji dio je napravljen od najmanje 10% recikliranih materijala <!--googleon: all--> <\/li>","protected":false},"excerpt":{"rendered":"<p>Dominirajte uli\u010dnim stilom u Puma Caven 2.0 Abrupt mu\u0161kim patikama. Detalji Softfoam+ ulo\u017eak je dizajniran da osigura meko amortizovanje zahvaljuju\u0107i izuzetno debeloj peti Regularno pristaje Sinteti\u010dki gornji dio Mre\u017easta podstava Pertlanje Robustan gumeni \u0111on Detalji perforacije Eco Story Gornji dio je napravljen od najmanje 20% recikliranih materijala, a donji dio je napravljen od najmanje 10% [&hellip;]<\/p>","protected":false},"featured_media":30432,"template":"","meta":{"jetpack_post_was_ever_published":false},"product_brand":[111],"product_cat":[67],"product_tag":[],"class_list":{"0":"post-30433","1":"product","2":"type-product","3":"status-publish","4":"has-post-thumbnail","6":"product_brand-sport_reality","7":"product_cat-muske-patike","9":"first","10":"instock","11":"sale","12":"shipping-taxable","13":"product-type-external"},"jetpack-related-posts":[],"jetpack_sharing_enabled":true,"_links":{"self":[{"href":"https:\/\/cipele.ba\/en\/wp-json\/wp\/v2\/product\/30433","targetHints":{"allow":["GET"]}}],"collection":[{"href":"https:\/\/cipele.ba\/en\/wp-json\/wp\/v2\/product"}],"about":[{"href":"https:\/\/cipele.ba\/en\/wp-json\/wp\/v2\/types\/product"}],"wp:featuredmedia":[{"embeddable":true,"href":"https:\/\/cipele.ba\/en\/wp-json\/wp\/v2\/media\/30432"}],"wp:attachment":[{"href":"https:\/\/cipele.ba\/en\/wp-json\/wp\/v2\/media?parent=30433"}],"wp:term":[{"taxonomy":"product_brand","embeddable":true,"href":"https:\/\/cipele.ba\/en\/wp-json\/wp\/v2\/product_brand?post=30433"},{"taxonomy":"product_cat","embeddable":true,"href":"https:\/\/cipele.ba\/en\/wp-json\/wp\/v2\/product_cat?post=30433"},{"taxonomy":"product_tag","embeddable":true,"href":"https:\/\/cipele.ba\/en\/wp-json\/wp\/v2\/product_tag?post=30433"}],"curies":[{"name":"wp","href":"https:\/\/api.w.org\/{rel}","templated":true}]}}