{"id":30446,"date":"2025-11-06T11:21:02","date_gmt":"2025-11-06T11:21:02","guid":{"rendered":"https:\/\/cipele.ba\/shop\/uncategorized\/adidas-terrex-tracefinder-2-2\/"},"modified":"2026-04-21T22:07:50","modified_gmt":"2026-04-21T22:07:50","slug":"adidas-terrex-tracefinder-2-2","status":"publish","type":"product","link":"https:\/\/cipele.ba\/en\/shop\/muskarci\/muske-patike\/adidas-terrex-tracefinder-2-2\/","title":{"rendered":"adidas Terrex Tracefinder 2"},"content":{"rendered":"<p><!--googleoff: all--> <\/p>\n<p> Pove\u0107ajte svoj domet u ovim adidas Terrex Tracefinder 2 Climaproof patikama za tr\u010danje na stazi za mu\u0161karce. <\/p>\n<\/p>\n<p> <b> Detalji <\/b> <\/p>\n<li> Uobi\u010dajeni kroj <\/li>\n<li> Pertlanje <\/li>\n<li> Gornji\u0161te od tekstila i sintetike <\/li>\n<li> OrthoLite\u00ae ulo\u017eak <\/li>\n<li> Climaproof tehnologija blokira vremenske elemente i poma\u017ee u odvo\u0111enju znoja za neograni\u010dene performanse uz osje\u0107aj suvo\u0107e i udobnosti <\/li>\n<li> Lightmotion amortizacija pru\u017ea udobno kretanje i potporu na razli\u010ditim povr\u0161inama <\/li>\n<li> Te\u017eina: 366,2 grama (UK veli\u010dina 8,5) <\/li>\n<li> Pad srednjeg \u0111ona: 10 mm (peta: 30 mm \/ prsti: 20 mm) <\/li>\n<li> Traxion spoljni \u0111on <!--googleon: all--> <\/li>","protected":false},"excerpt":{"rendered":"<p>Pove\u0107ajte svoj domet u ovim adidas Terrex Tracefinder 2 Climaproof patikama za tr\u010danje na stazi za mu\u0161karce. Detalji Uobi\u010dajeni kroj Pertlanje Gornji\u0161te od tekstila i sintetike OrthoLite\u00ae ulo\u017eak Climaproof tehnologija blokira vremenske elemente i poma\u017ee u odvo\u0111enju znoja za neograni\u010dene performanse uz osje\u0107aj suvo\u0107e i udobnosti Lightmotion amortizacija pru\u017ea udobno kretanje i potporu na razli\u010ditim [&hellip;]<\/p>","protected":false},"featured_media":30444,"template":"","meta":{"jetpack_post_was_ever_published":false},"product_brand":[111],"product_cat":[67],"product_tag":[],"class_list":{"0":"post-30446","1":"product","2":"type-product","3":"status-publish","4":"has-post-thumbnail","6":"product_brand-sport_reality","7":"product_cat-muske-patike","9":"first","10":"instock","11":"sale","12":"shipping-taxable","13":"product-type-external"},"jetpack-related-posts":[],"jetpack_sharing_enabled":true,"_links":{"self":[{"href":"https:\/\/cipele.ba\/en\/wp-json\/wp\/v2\/product\/30446","targetHints":{"allow":["GET"]}}],"collection":[{"href":"https:\/\/cipele.ba\/en\/wp-json\/wp\/v2\/product"}],"about":[{"href":"https:\/\/cipele.ba\/en\/wp-json\/wp\/v2\/types\/product"}],"wp:featuredmedia":[{"embeddable":true,"href":"https:\/\/cipele.ba\/en\/wp-json\/wp\/v2\/media\/30444"}],"wp:attachment":[{"href":"https:\/\/cipele.ba\/en\/wp-json\/wp\/v2\/media?parent=30446"}],"wp:term":[{"taxonomy":"product_brand","embeddable":true,"href":"https:\/\/cipele.ba\/en\/wp-json\/wp\/v2\/product_brand?post=30446"},{"taxonomy":"product_cat","embeddable":true,"href":"https:\/\/cipele.ba\/en\/wp-json\/wp\/v2\/product_cat?post=30446"},{"taxonomy":"product_tag","embeddable":true,"href":"https:\/\/cipele.ba\/en\/wp-json\/wp\/v2\/product_tag?post=30446"}],"curies":[{"name":"wp","href":"https:\/\/api.w.org\/{rel}","templated":true}]}}