{"id":30449,"date":"2025-11-06T11:21:04","date_gmt":"2025-11-06T11:21:04","guid":{"rendered":"https:\/\/cipele.ba\/shop\/uncategorized\/kronos-moses\/"},"modified":"2026-04-22T04:31:37","modified_gmt":"2026-04-22T04:31:37","slug":"kronos-moses","status":"publish","type":"product","link":"https:\/\/cipele.ba\/en\/shop\/muskarci\/muske-patike\/kronos-moses\/","title":{"rendered":"Kronos Moses"},"content":{"rendered":"<p><!--googleoff: all--> <\/p>\n<p> Kronos Marco mu\u0161ke lifestyle patike kombinuju elegantan dizajn i vodootpornu za\u0161titu, pru\u017eaju\u0107i pouzdanu udobnost za svakodnevno no\u0161enje. <\/p>\n<\/p>\n<p> <b> Detalji <\/b> <\/p>\n<li> Pertle pru\u017eaju \u010dvrsto i prilagodljivo prianjanje <\/li>\n<li> Strukturirano sinteti\u010dko gornji\u0161te pove\u0107ava potporu i otpornost <\/li>\n<li> Vodootporni sloj odr\u017eava stopala suvim po vla\u017enom vremenu <\/li>\n<li> Gumeni \u0111on garantuje izdr\u017eljivost i stabilno prianjanje <\/li>\n<li> Dublji kroj nudi dodatnu pokrivenost \u010dlanka i stabilnost <\/li>\n<li> Jezi\u010dak na peti za lako obuvanje <!--googleon: all--> <\/li>","protected":false},"excerpt":{"rendered":"<p>Kronos Marco mu\u0161ke lifestyle patike kombinuju elegantan dizajn i vodootpornu za\u0161titu, pru\u017eaju\u0107i pouzdanu udobnost za svakodnevno no\u0161enje. Detalji Pertle pru\u017eaju \u010dvrsto i prilagodljivo prianjanje Strukturirano sinteti\u010dko gornji\u0161te pove\u0107ava potporu i otpornost Vodootporni sloj odr\u017eava stopala suvim po vla\u017enom vremenu Gumeni \u0111on garantuje izdr\u017eljivost i stabilno prianjanje Dublji kroj nudi dodatnu pokrivenost \u010dlanka i stabilnost Jezi\u010dak [&hellip;]<\/p>","protected":false},"featured_media":30448,"template":"","meta":{"jetpack_post_was_ever_published":false},"product_brand":[111],"product_cat":[67],"product_tag":[],"class_list":{"0":"post-30449","1":"product","2":"type-product","3":"status-publish","4":"has-post-thumbnail","6":"product_brand-sport_reality","7":"product_cat-muske-patike","9":"first","10":"instock","11":"shipping-taxable","12":"product-type-external"},"jetpack-related-posts":[],"jetpack_sharing_enabled":true,"_links":{"self":[{"href":"https:\/\/cipele.ba\/en\/wp-json\/wp\/v2\/product\/30449","targetHints":{"allow":["GET"]}}],"collection":[{"href":"https:\/\/cipele.ba\/en\/wp-json\/wp\/v2\/product"}],"about":[{"href":"https:\/\/cipele.ba\/en\/wp-json\/wp\/v2\/types\/product"}],"wp:featuredmedia":[{"embeddable":true,"href":"https:\/\/cipele.ba\/en\/wp-json\/wp\/v2\/media\/30448"}],"wp:attachment":[{"href":"https:\/\/cipele.ba\/en\/wp-json\/wp\/v2\/media?parent=30449"}],"wp:term":[{"taxonomy":"product_brand","embeddable":true,"href":"https:\/\/cipele.ba\/en\/wp-json\/wp\/v2\/product_brand?post=30449"},{"taxonomy":"product_cat","embeddable":true,"href":"https:\/\/cipele.ba\/en\/wp-json\/wp\/v2\/product_cat?post=30449"},{"taxonomy":"product_tag","embeddable":true,"href":"https:\/\/cipele.ba\/en\/wp-json\/wp\/v2\/product_tag?post=30449"}],"curies":[{"name":"wp","href":"https:\/\/api.w.org\/{rel}","templated":true}]}}