{"id":30453,"date":"2025-11-06T11:21:06","date_gmt":"2025-11-06T11:21:06","guid":{"rendered":"https:\/\/cipele.ba\/shop\/uncategorized\/kronos-marco\/"},"modified":"2026-04-22T06:12:21","modified_gmt":"2026-04-22T06:12:21","slug":"kronos-marco","status":"publish","type":"product","link":"https:\/\/cipele.ba\/en\/shop\/muskarci\/muske-patike\/kronos-marco\/","title":{"rendered":"Kronos Marco"},"content":{"rendered":"<p><!--googleoff: all--> <\/p>\n<p> Kronos Marco mu\u0161ke lifestyle patike kombinuju elegantan dizajn i vodootpornu za\u0161titu, pru\u017eaju\u0107i pouzdanu udobnost za svakodnevno no\u0161enje. <\/p>\n<\/p>\n<p> <b> Detalji <\/b> <\/p>\n<li> Strukturirano sinteti\u010dko gornji\u0161te pru\u017ea potporu i otpornost <\/li>\n<li> Pertle pru\u017eaju prilagodljivost i \u010dvrstinu <\/li>\n<li> Izdr\u017eljivi gumeni spoljni \u0111on garantuje stabilnost i dugotrajnu trakciju <\/li>\n<li> Vodootporni zavr\u0161ni sloj odr\u017eava stopala suvim u promjenjivim vremenskim uslovima <!--googleon: all--> <\/li>","protected":false},"excerpt":{"rendered":"<p>Kronos Marco mu\u0161ke lifestyle patike kombinuju elegantan dizajn i vodootpornu za\u0161titu, pru\u017eaju\u0107i pouzdanu udobnost za svakodnevno no\u0161enje. Detalji Strukturirano sinteti\u010dko gornji\u0161te pru\u017ea potporu i otpornost Pertle pru\u017eaju prilagodljivost i \u010dvrstinu Izdr\u017eljivi gumeni spoljni \u0111on garantuje stabilnost i dugotrajnu trakciju Vodootporni zavr\u0161ni sloj odr\u017eava stopala suvim u promjenjivim vremenskim uslovima<\/p>","protected":false},"featured_media":30451,"template":"","meta":{"jetpack_post_was_ever_published":false},"product_brand":[111],"product_cat":[67],"product_tag":[],"class_list":{"0":"post-30453","1":"product","2":"type-product","3":"status-publish","4":"has-post-thumbnail","6":"product_brand-sport_reality","7":"product_cat-muske-patike","9":"first","10":"instock","11":"sale","12":"shipping-taxable","13":"product-type-external"},"jetpack-related-posts":[],"jetpack_sharing_enabled":true,"_links":{"self":[{"href":"https:\/\/cipele.ba\/en\/wp-json\/wp\/v2\/product\/30453","targetHints":{"allow":["GET"]}}],"collection":[{"href":"https:\/\/cipele.ba\/en\/wp-json\/wp\/v2\/product"}],"about":[{"href":"https:\/\/cipele.ba\/en\/wp-json\/wp\/v2\/types\/product"}],"wp:featuredmedia":[{"embeddable":true,"href":"https:\/\/cipele.ba\/en\/wp-json\/wp\/v2\/media\/30451"}],"wp:attachment":[{"href":"https:\/\/cipele.ba\/en\/wp-json\/wp\/v2\/media?parent=30453"}],"wp:term":[{"taxonomy":"product_brand","embeddable":true,"href":"https:\/\/cipele.ba\/en\/wp-json\/wp\/v2\/product_brand?post=30453"},{"taxonomy":"product_cat","embeddable":true,"href":"https:\/\/cipele.ba\/en\/wp-json\/wp\/v2\/product_cat?post=30453"},{"taxonomy":"product_tag","embeddable":true,"href":"https:\/\/cipele.ba\/en\/wp-json\/wp\/v2\/product_tag?post=30453"}],"curies":[{"name":"wp","href":"https:\/\/api.w.org\/{rel}","templated":true}]}}