{"id":30460,"date":"2025-11-06T11:21:11","date_gmt":"2025-11-06T11:21:11","guid":{"rendered":"https:\/\/cipele.ba\/shop\/uncategorized\/adidas-park-st-2-0\/"},"modified":"2026-04-19T17:04:43","modified_gmt":"2026-04-19T17:04:43","slug":"adidas-park-st-2-0","status":"publish","type":"product","link":"https:\/\/cipele.ba\/en\/shop\/muskarci\/muske-patike\/adidas-park-st-2-0\/","title":{"rendered":"adidas Park ST 2.0"},"content":{"rendered":"<p><!--googleoff: all--> <\/p>\n<p>Ove adidas patike donose svje\u017e pogled na klasi\u010dan teren-stil. Sa gornjim dijelom od sintetike i detaljima od bru\u0161ene ko\u017ee, nude nisku siluetu spremnu za sve prilike. Linearni logo na dijelu za pertle daje \u010dist i jednostavan izgled koji je potpuno adidas.<br \/>Detalji:<\/p>\n<li> Sinteti\u010dki gornji dio sa bru\u0161enom ko\u017eom za moderan i izdr\u017eljiv dizajn.<\/li>\n<li> Niska silueta za svestranost i udobnost.<\/li>\n<li> Prepoznatljiv adidas logo za autenti\u010dan sportski stil. <!--googleon: all--> <\/li>","protected":false},"excerpt":{"rendered":"<p>Ove adidas patike donose svje\u017e pogled na klasi\u010dan teren-stil. Sa gornjim dijelom od sintetike i detaljima od bru\u0161ene ko\u017ee, nude nisku siluetu spremnu za sve prilike. Linearni logo na dijelu za pertle daje \u010dist i jednostavan izgled koji je potpuno adidas.Detalji: Sinteti\u010dki gornji dio sa bru\u0161enom ko\u017eom za moderan i izdr\u017eljiv dizajn. Niska silueta za [&hellip;]<\/p>","protected":false},"featured_media":30457,"template":"","meta":{"jetpack_post_was_ever_published":false},"product_brand":[111],"product_cat":[67],"product_tag":[],"class_list":{"0":"post-30460","1":"product","2":"type-product","3":"status-publish","4":"has-post-thumbnail","6":"product_brand-sport_reality","7":"product_cat-muske-patike","9":"first","10":"instock","11":"sale","12":"shipping-taxable","13":"product-type-external"},"jetpack-related-posts":[],"jetpack_sharing_enabled":true,"_links":{"self":[{"href":"https:\/\/cipele.ba\/en\/wp-json\/wp\/v2\/product\/30460","targetHints":{"allow":["GET"]}}],"collection":[{"href":"https:\/\/cipele.ba\/en\/wp-json\/wp\/v2\/product"}],"about":[{"href":"https:\/\/cipele.ba\/en\/wp-json\/wp\/v2\/types\/product"}],"wp:featuredmedia":[{"embeddable":true,"href":"https:\/\/cipele.ba\/en\/wp-json\/wp\/v2\/media\/30457"}],"wp:attachment":[{"href":"https:\/\/cipele.ba\/en\/wp-json\/wp\/v2\/media?parent=30460"}],"wp:term":[{"taxonomy":"product_brand","embeddable":true,"href":"https:\/\/cipele.ba\/en\/wp-json\/wp\/v2\/product_brand?post=30460"},{"taxonomy":"product_cat","embeddable":true,"href":"https:\/\/cipele.ba\/en\/wp-json\/wp\/v2\/product_cat?post=30460"},{"taxonomy":"product_tag","embeddable":true,"href":"https:\/\/cipele.ba\/en\/wp-json\/wp\/v2\/product_tag?post=30460"}],"curies":[{"name":"wp","href":"https:\/\/api.w.org\/{rel}","templated":true}]}}