{"id":30478,"date":"2025-11-06T11:21:24","date_gmt":"2025-11-06T11:21:24","guid":{"rendered":"https:\/\/cipele.ba\/shop\/uncategorized\/adidas-park-st-2-0-2\/"},"modified":"2026-04-18T17:16:41","modified_gmt":"2026-04-18T17:16:41","slug":"adidas-park-st-2-0-2","status":"publish","type":"product","link":"https:\/\/cipele.ba\/en\/shop\/muskarci\/muske-patike\/adidas-park-st-2-0-2\/","title":{"rendered":"adidas Park ST 2.0"},"content":{"rendered":"<p><!--googleoff: all--> <\/p>\n<p>Zakora\u010di u pro\u0161lost i budu\u0107nost istovremeno uz ove adidas patike. Inspirisane adidas dizajnom za teren, a prilago\u0111ene dana\u0161njem stilu, dovoljno su svestrane da upotpune svaki izgled. Gornji dio od sintetike i ko\u017ee \u010dist je i moderan, dok gumirani cup \u0111on pru\u017ea odli\u010dan grip i dugotrajnu izdr\u017eljivost.<br \/>Detalji:<\/p>\n<li> Svestran dizajn koji se uklapa uz razli\u010dite stilove.<\/li>\n<li> Izdr\u017eljiv gumirani \u0111on za sigurnost i dug vijek trajanja.<\/li>\n<li> Kombinacija ko\u017ee i sintetike za moderan, svje\u017e izgled. <!--googleon: all--> <\/li>","protected":false},"excerpt":{"rendered":"<p>Zakora\u010di u pro\u0161lost i budu\u0107nost istovremeno uz ove adidas patike. Inspirisane adidas dizajnom za teren, a prilago\u0111ene dana\u0161njem stilu, dovoljno su svestrane da upotpune svaki izgled. Gornji dio od sintetike i ko\u017ee \u010dist je i moderan, dok gumirani cup \u0111on pru\u017ea odli\u010dan grip i dugotrajnu izdr\u017eljivost.Detalji: Svestran dizajn koji se uklapa uz razli\u010dite stilove. Izdr\u017eljiv [&hellip;]<\/p>","protected":false},"featured_media":30475,"template":"","meta":{"jetpack_post_was_ever_published":false},"product_brand":[111],"product_cat":[67],"product_tag":[],"class_list":{"0":"post-30478","1":"product","2":"type-product","3":"status-publish","4":"has-post-thumbnail","6":"product_brand-sport_reality","7":"product_cat-muske-patike","9":"first","10":"instock","11":"sale","12":"shipping-taxable","13":"product-type-external"},"jetpack-related-posts":[],"jetpack_sharing_enabled":true,"_links":{"self":[{"href":"https:\/\/cipele.ba\/en\/wp-json\/wp\/v2\/product\/30478","targetHints":{"allow":["GET"]}}],"collection":[{"href":"https:\/\/cipele.ba\/en\/wp-json\/wp\/v2\/product"}],"about":[{"href":"https:\/\/cipele.ba\/en\/wp-json\/wp\/v2\/types\/product"}],"wp:featuredmedia":[{"embeddable":true,"href":"https:\/\/cipele.ba\/en\/wp-json\/wp\/v2\/media\/30475"}],"wp:attachment":[{"href":"https:\/\/cipele.ba\/en\/wp-json\/wp\/v2\/media?parent=30478"}],"wp:term":[{"taxonomy":"product_brand","embeddable":true,"href":"https:\/\/cipele.ba\/en\/wp-json\/wp\/v2\/product_brand?post=30478"},{"taxonomy":"product_cat","embeddable":true,"href":"https:\/\/cipele.ba\/en\/wp-json\/wp\/v2\/product_cat?post=30478"},{"taxonomy":"product_tag","embeddable":true,"href":"https:\/\/cipele.ba\/en\/wp-json\/wp\/v2\/product_tag?post=30478"}],"curies":[{"name":"wp","href":"https:\/\/api.w.org\/{rel}","templated":true}]}}