{"id":30484,"date":"2025-11-06T11:21:28","date_gmt":"2025-11-06T11:21:28","guid":{"rendered":"https:\/\/cipele.ba\/shop\/uncategorized\/skechers-skechers-skx_2-club-ic-2\/"},"modified":"2026-04-19T03:44:51","modified_gmt":"2026-04-19T03:44:51","slug":"skechers-skechers-skx_2-club-ic-2","status":"publish","type":"product","link":"https:\/\/cipele.ba\/en\/shop\/muskarci\/muske-patike\/skechers-skechers-skx_2-club-ic-2\/","title":{"rendered":"Skechers SKECHERS SKX_2 CLUB IC"},"content":{"rendered":"<p><!--googleoff: all--> <\/p>\n<p>Skechers SKX_2 CLUB mu\u0161ke patike za fudbal za salu dizajnirane su za preciznu igru u zatvorenom prostoru, nude\u0107i izvanrednu kontrolu, udobnost i stabilnost. Idealne su za tehni\u010dki zahtjevne igra\u010de koji tra\u017ee pouzdanu obu\u0107u za brze pokrete na parketu ili drugim glatkim povr\u0161inama.<br \/>Detalji:<\/p>\n<li> Neozna\u010davaju\u0107i gumeni \u0111on \u2013 pru\u017ea odli\u010dno prianjanje bez ostavljanja tragova na podlozi.<\/li>\n<li> Uski profil i anatomski oblikovan dizajn \u2013 omogu\u0107avaju bolju kontrolu lopte i agilnost.<\/li>\n<li> Lagani materijali sa dodatnim oja\u010danjima \u2013 nude udobnost i izdr\u017eljivost tokom intenzivne igre. <!--googleon: all--> <\/li>","protected":false},"excerpt":{"rendered":"<p>Skechers SKX_2 CLUB mu\u0161ke patike za fudbal za salu dizajnirane su za preciznu igru u zatvorenom prostoru, nude\u0107i izvanrednu kontrolu, udobnost i stabilnost. Idealne su za tehni\u010dki zahtjevne igra\u010de koji tra\u017ee pouzdanu obu\u0107u za brze pokrete na parketu ili drugim glatkim povr\u0161inama.Detalji: Neozna\u010davaju\u0107i gumeni \u0111on \u2013 pru\u017ea odli\u010dno prianjanje bez ostavljanja tragova na podlozi. Uski [&hellip;]<\/p>","protected":false},"featured_media":30481,"template":"","meta":{"jetpack_post_was_ever_published":false},"product_brand":[111],"product_cat":[67],"product_tag":[],"class_list":{"0":"post-30484","1":"product","2":"type-product","3":"status-publish","4":"has-post-thumbnail","6":"product_brand-sport_reality","7":"product_cat-muske-patike","9":"first","10":"instock","11":"shipping-taxable","12":"product-type-external"},"jetpack-related-posts":[],"jetpack_sharing_enabled":true,"_links":{"self":[{"href":"https:\/\/cipele.ba\/en\/wp-json\/wp\/v2\/product\/30484","targetHints":{"allow":["GET"]}}],"collection":[{"href":"https:\/\/cipele.ba\/en\/wp-json\/wp\/v2\/product"}],"about":[{"href":"https:\/\/cipele.ba\/en\/wp-json\/wp\/v2\/types\/product"}],"wp:featuredmedia":[{"embeddable":true,"href":"https:\/\/cipele.ba\/en\/wp-json\/wp\/v2\/media\/30481"}],"wp:attachment":[{"href":"https:\/\/cipele.ba\/en\/wp-json\/wp\/v2\/media?parent=30484"}],"wp:term":[{"taxonomy":"product_brand","embeddable":true,"href":"https:\/\/cipele.ba\/en\/wp-json\/wp\/v2\/product_brand?post=30484"},{"taxonomy":"product_cat","embeddable":true,"href":"https:\/\/cipele.ba\/en\/wp-json\/wp\/v2\/product_cat?post=30484"},{"taxonomy":"product_tag","embeddable":true,"href":"https:\/\/cipele.ba\/en\/wp-json\/wp\/v2\/product_tag?post=30484"}],"curies":[{"name":"wp","href":"https:\/\/api.w.org\/{rel}","templated":true}]}}