{"id":30485,"date":"2025-11-06T11:21:28","date_gmt":"2025-11-06T11:21:28","guid":{"rendered":"https:\/\/cipele.ba\/shop\/uncategorized\/nike-giannis-immortality-4-7\/"},"modified":"2026-04-19T17:06:06","modified_gmt":"2026-04-19T17:06:06","slug":"nike-giannis-immortality-4-7","status":"publish","type":"product","link":"https:\/\/cipele.ba\/en\/shop\/muskarci\/muske-patike\/nike-giannis-immortality-4-7\/","title":{"rendered":"Nike Giannis Immortality 4"},"content":{"rendered":"<p><!--googleoff: all--> <\/p>\n<p> Nike Giannis Immortality 4 unisex ko\u0161arka\u0161ke patike su dizajnirane tako da vam omogu\u0107e da napravite sve one pokrete koji mijenjaju tok igre. <\/p>\n<\/p>\n<p> <b> DETALJI <\/b> <\/p>\n<li> Nov, elegantan oblik pete je postavljen za vi\u0161e potpore <\/li>\n<li> Modernizovana trakciona \u0161ara <\/li>\n<li> Unutra\u0161nji sistem za pri\u010dvr\u0161\u0107ivanje vam omogu\u0107ava da kontroli\u0161ete svaki pokret <!--googleon: all--> <\/li>","protected":false},"excerpt":{"rendered":"<p>Nike Giannis Immortality 4 unisex ko\u0161arka\u0161ke patike su dizajnirane tako da vam omogu\u0107e da napravite sve one pokrete koji mijenjaju tok igre. DETALJI Nov, elegantan oblik pete je postavljen za vi\u0161e potpore Modernizovana trakciona \u0161ara Unutra\u0161nji sistem za pri\u010dvr\u0161\u0107ivanje vam omogu\u0107ava da kontroli\u0161ete svaki pokret<\/p>","protected":false},"featured_media":30482,"template":"","meta":{"jetpack_post_was_ever_published":false},"product_brand":[111],"product_cat":[67],"product_tag":[],"class_list":{"0":"post-30485","1":"product","2":"type-product","3":"status-publish","4":"has-post-thumbnail","6":"product_brand-sport_reality","7":"product_cat-muske-patike","9":"first","10":"instock","11":"sale","12":"shipping-taxable","13":"product-type-external"},"jetpack-related-posts":[],"jetpack_sharing_enabled":true,"_links":{"self":[{"href":"https:\/\/cipele.ba\/en\/wp-json\/wp\/v2\/product\/30485","targetHints":{"allow":["GET"]}}],"collection":[{"href":"https:\/\/cipele.ba\/en\/wp-json\/wp\/v2\/product"}],"about":[{"href":"https:\/\/cipele.ba\/en\/wp-json\/wp\/v2\/types\/product"}],"wp:featuredmedia":[{"embeddable":true,"href":"https:\/\/cipele.ba\/en\/wp-json\/wp\/v2\/media\/30482"}],"wp:attachment":[{"href":"https:\/\/cipele.ba\/en\/wp-json\/wp\/v2\/media?parent=30485"}],"wp:term":[{"taxonomy":"product_brand","embeddable":true,"href":"https:\/\/cipele.ba\/en\/wp-json\/wp\/v2\/product_brand?post=30485"},{"taxonomy":"product_cat","embeddable":true,"href":"https:\/\/cipele.ba\/en\/wp-json\/wp\/v2\/product_cat?post=30485"},{"taxonomy":"product_tag","embeddable":true,"href":"https:\/\/cipele.ba\/en\/wp-json\/wp\/v2\/product_tag?post=30485"}],"curies":[{"name":"wp","href":"https:\/\/api.w.org\/{rel}","templated":true}]}}