{"id":30489,"date":"2025-11-06T11:21:32","date_gmt":"2025-11-06T11:21:32","guid":{"rendered":"https:\/\/cipele.ba\/shop\/uncategorized\/skechers-skechers-skx_2-club-tf-2\/"},"modified":"2026-04-19T03:05:46","modified_gmt":"2026-04-19T03:05:46","slug":"skechers-skechers-skx_2-club-tf-2","status":"publish","type":"product","link":"https:\/\/cipele.ba\/en\/shop\/muskarci\/muske-patike\/skechers-skechers-skx_2-club-tf-2\/","title":{"rendered":"Skechers SKECHERS SKX_2 CLUB TF"},"content":{"rendered":"<p><!--googleoff: all--> <\/p>\n<p>Mu\u0161ke Skechers SKX_2 CLUB patike za fudbal sa kramponima za vje\u0161ta\u010dku travu nude savr\u0161en balans udobnosti, funkcionalnosti i modernog dizajna. Idealne su za igra\u010de koji tra\u017ee pouzdanu obu\u0107u za dinami\u010dne pokrete i stabilnost na terenu.<br \/>Detalji:<\/p>\n<li> Specijalizovani \u0111on za vje\u0161ta\u010dku travu \u2013 omogu\u0107ava odli\u010dno prianjanje i kontrolu tokom igre.<\/li>\n<li> Lagani i prozra\u010dni materijali \u2013 pru\u017eaju udobnost i smanjuju zamor stopala.<\/li>\n<li> Oja\u010dana konstrukcija \u2013 pove\u0107ava izdr\u017eljivost i stabilnost pri brzim promjenama pravca. <!--googleon: all--> <\/li>","protected":false},"excerpt":{"rendered":"<p>Mu\u0161ke Skechers SKX_2 CLUB patike za fudbal sa kramponima za vje\u0161ta\u010dku travu nude savr\u0161en balans udobnosti, funkcionalnosti i modernog dizajna. Idealne su za igra\u010de koji tra\u017ee pouzdanu obu\u0107u za dinami\u010dne pokrete i stabilnost na terenu.Detalji: Specijalizovani \u0111on za vje\u0161ta\u010dku travu \u2013 omogu\u0107ava odli\u010dno prianjanje i kontrolu tokom igre. Lagani i prozra\u010dni materijali \u2013 pru\u017eaju udobnost [&hellip;]<\/p>","protected":false},"featured_media":30487,"template":"","meta":{"jetpack_post_was_ever_published":false},"product_brand":[111],"product_cat":[67],"product_tag":[],"class_list":{"0":"post-30489","1":"product","2":"type-product","3":"status-publish","4":"has-post-thumbnail","6":"product_brand-sport_reality","7":"product_cat-muske-patike","9":"first","10":"instock","11":"sale","12":"shipping-taxable","13":"product-type-external"},"jetpack-related-posts":[],"jetpack_sharing_enabled":true,"_links":{"self":[{"href":"https:\/\/cipele.ba\/en\/wp-json\/wp\/v2\/product\/30489","targetHints":{"allow":["GET"]}}],"collection":[{"href":"https:\/\/cipele.ba\/en\/wp-json\/wp\/v2\/product"}],"about":[{"href":"https:\/\/cipele.ba\/en\/wp-json\/wp\/v2\/types\/product"}],"wp:featuredmedia":[{"embeddable":true,"href":"https:\/\/cipele.ba\/en\/wp-json\/wp\/v2\/media\/30487"}],"wp:attachment":[{"href":"https:\/\/cipele.ba\/en\/wp-json\/wp\/v2\/media?parent=30489"}],"wp:term":[{"taxonomy":"product_brand","embeddable":true,"href":"https:\/\/cipele.ba\/en\/wp-json\/wp\/v2\/product_brand?post=30489"},{"taxonomy":"product_cat","embeddable":true,"href":"https:\/\/cipele.ba\/en\/wp-json\/wp\/v2\/product_cat?post=30489"},{"taxonomy":"product_tag","embeddable":true,"href":"https:\/\/cipele.ba\/en\/wp-json\/wp\/v2\/product_tag?post=30489"}],"curies":[{"name":"wp","href":"https:\/\/api.w.org\/{rel}","templated":true}]}}