{"id":30492,"date":"2025-11-06T11:21:33","date_gmt":"2025-11-06T11:21:33","guid":{"rendered":"https:\/\/cipele.ba\/shop\/uncategorized\/skechers-edgeride-rekze\/"},"modified":"2026-04-19T15:29:15","modified_gmt":"2026-04-19T15:29:15","slug":"skechers-edgeride-rekze","status":"publish","type":"product","link":"https:\/\/cipele.ba\/en\/shop\/muskarci\/muske-patike\/skechers-edgeride-rekze\/","title":{"rendered":"Skechers EDGERIDE &#8211; REKZE"},"content":{"rendered":"<p><!--googleoff: all--> <\/p>\n<p>EDGERIDE &#8211; REKZE Skechers mu\u0161ke patike modernog izgleda u crnoj boji, idealne za svakodnevni stil. Udoban kroj, lagani materijali i prepoznatljiv Skechers dizajn \u010dine ih savr\u0161enim izborom za le\u017eerne i sportske kombinacije.<br \/>Detalji:<\/p>\n<li> Udoban \u0111on \u2013 za cjelodnevnu podr\u0161ku<\/li>\n<li> Jednostavan, ali efektan dizajn \u2013 lako se uklapa uz svaki outfit<\/li>\n<li> Skechers kvalitet \u2013 pouzdanost i stil u jednom <!--googleon: all--> <\/li>","protected":false},"excerpt":{"rendered":"<p>EDGERIDE &#8211; REKZE Skechers mu\u0161ke patike modernog izgleda u crnoj boji, idealne za svakodnevni stil. Udoban kroj, lagani materijali i prepoznatljiv Skechers dizajn \u010dine ih savr\u0161enim izborom za le\u017eerne i sportske kombinacije.Detalji: Udoban \u0111on \u2013 za cjelodnevnu podr\u0161ku Jednostavan, ali efektan dizajn \u2013 lako se uklapa uz svaki outfit Skechers kvalitet \u2013 pouzdanost i stil [&hellip;]<\/p>","protected":false},"featured_media":30490,"template":"","meta":{"jetpack_post_was_ever_published":false},"product_brand":[111],"product_cat":[67],"product_tag":[],"class_list":{"0":"post-30492","1":"product","2":"type-product","3":"status-publish","4":"has-post-thumbnail","6":"product_brand-sport_reality","7":"product_cat-muske-patike","9":"first","10":"instock","11":"sale","12":"shipping-taxable","13":"product-type-external"},"jetpack-related-posts":[],"jetpack_sharing_enabled":true,"_links":{"self":[{"href":"https:\/\/cipele.ba\/en\/wp-json\/wp\/v2\/product\/30492","targetHints":{"allow":["GET"]}}],"collection":[{"href":"https:\/\/cipele.ba\/en\/wp-json\/wp\/v2\/product"}],"about":[{"href":"https:\/\/cipele.ba\/en\/wp-json\/wp\/v2\/types\/product"}],"wp:featuredmedia":[{"embeddable":true,"href":"https:\/\/cipele.ba\/en\/wp-json\/wp\/v2\/media\/30490"}],"wp:attachment":[{"href":"https:\/\/cipele.ba\/en\/wp-json\/wp\/v2\/media?parent=30492"}],"wp:term":[{"taxonomy":"product_brand","embeddable":true,"href":"https:\/\/cipele.ba\/en\/wp-json\/wp\/v2\/product_brand?post=30492"},{"taxonomy":"product_cat","embeddable":true,"href":"https:\/\/cipele.ba\/en\/wp-json\/wp\/v2\/product_cat?post=30492"},{"taxonomy":"product_tag","embeddable":true,"href":"https:\/\/cipele.ba\/en\/wp-json\/wp\/v2\/product_tag?post=30492"}],"curies":[{"name":"wp","href":"https:\/\/api.w.org\/{rel}","templated":true}]}}