{"id":30497,"date":"2025-11-06T11:21:36","date_gmt":"2025-11-06T11:21:36","guid":{"rendered":"https:\/\/cipele.ba\/shop\/uncategorized\/adidas-park-st-2-0-3\/"},"modified":"2026-04-19T14:28:16","modified_gmt":"2026-04-19T14:28:16","slug":"adidas-park-st-2-0-3","status":"publish","type":"product","link":"https:\/\/cipele.ba\/en\/shop\/muskarci\/muske-patike\/adidas-park-st-2-0-3\/","title":{"rendered":"adidas Park ST 2.0"},"content":{"rendered":"<p><!--googleoff: all--> <\/p>\n<p>Ove adidas patike donose novu verziju klasi\u010dnog stila za teren. Gornji dio od sinteti\u010dkog materijala sa detaljima od bru\u0161ene ko\u017ee nudi nisku siluetu spremnu za sve prilike. Linearni adidas logo na rupici za pertle daje \u010dist i jednostavan izgled koji odi\u0161e autenti\u010dno\u0161\u0107u.<br \/>Detalji:<\/p>\n<li> Sinteti\u010dki materijal sa bru\u0161enom ko\u017eom za moderan i izdr\u017eljiv dizajn.<\/li>\n<li> Niska silueta za svestranost i udobnost.<\/li>\n<li> \u010cist adidas izgled sa prepoznatljivim logom. <!--googleon: all--> <\/li>","protected":false},"excerpt":{"rendered":"<p>Ove adidas patike donose novu verziju klasi\u010dnog stila za teren. Gornji dio od sinteti\u010dkog materijala sa detaljima od bru\u0161ene ko\u017ee nudi nisku siluetu spremnu za sve prilike. Linearni adidas logo na rupici za pertle daje \u010dist i jednostavan izgled koji odi\u0161e autenti\u010dno\u0161\u0107u.Detalji: Sinteti\u010dki materijal sa bru\u0161enom ko\u017eom za moderan i izdr\u017eljiv dizajn. Niska silueta za [&hellip;]<\/p>","protected":false},"featured_media":30494,"template":"","meta":{"jetpack_post_was_ever_published":false},"product_brand":[111],"product_cat":[67],"product_tag":[],"class_list":{"0":"post-30497","1":"product","2":"type-product","3":"status-publish","4":"has-post-thumbnail","6":"product_brand-sport_reality","7":"product_cat-muske-patike","9":"first","10":"instock","11":"sale","12":"shipping-taxable","13":"product-type-external"},"jetpack-related-posts":[],"jetpack_sharing_enabled":true,"_links":{"self":[{"href":"https:\/\/cipele.ba\/en\/wp-json\/wp\/v2\/product\/30497","targetHints":{"allow":["GET"]}}],"collection":[{"href":"https:\/\/cipele.ba\/en\/wp-json\/wp\/v2\/product"}],"about":[{"href":"https:\/\/cipele.ba\/en\/wp-json\/wp\/v2\/types\/product"}],"wp:featuredmedia":[{"embeddable":true,"href":"https:\/\/cipele.ba\/en\/wp-json\/wp\/v2\/media\/30494"}],"wp:attachment":[{"href":"https:\/\/cipele.ba\/en\/wp-json\/wp\/v2\/media?parent=30497"}],"wp:term":[{"taxonomy":"product_brand","embeddable":true,"href":"https:\/\/cipele.ba\/en\/wp-json\/wp\/v2\/product_brand?post=30497"},{"taxonomy":"product_cat","embeddable":true,"href":"https:\/\/cipele.ba\/en\/wp-json\/wp\/v2\/product_cat?post=30497"},{"taxonomy":"product_tag","embeddable":true,"href":"https:\/\/cipele.ba\/en\/wp-json\/wp\/v2\/product_tag?post=30497"}],"curies":[{"name":"wp","href":"https:\/\/api.w.org\/{rel}","templated":true}]}}