{"id":30502,"date":"2025-11-06T11:21:40","date_gmt":"2025-11-06T11:21:40","guid":{"rendered":"https:\/\/cipele.ba\/shop\/uncategorized\/puma-cell-meza\/"},"modified":"2026-04-21T08:12:09","modified_gmt":"2026-04-21T08:12:09","slug":"puma-cell-meza","status":"publish","type":"product","link":"https:\/\/cipele.ba\/en\/shop\/muskarci\/muske-patike\/puma-cell-meza\/","title":{"rendered":"Puma Cell Meza"},"content":{"rendered":"<p><!--googleoff: all--> <\/p>\n<p>Puma Meza mu\u0161ke patike donose maksimalnu udobnost zahvaljuju\u0107i Cell tehnologiji, dok TPU oja\u010danje u srednjem dijelu \u0111ona pru\u017ea stabilnost. \u0110on s potpunim gumenim prekrivanjem osigurava vrhunsko prianjanje. Unesi svje\u017einu u svoju kolekciju patika uz ovaj moderan model.<br \/>Detalji:<\/p>\n<li> Cell tehnologija \u2013 za maksimalnu udobnost i ubla\u017eavanje pritiska pri svakom koraku.<\/li>\n<li> TPU stabilizator \u2013 pru\u017ea dodatnu podr\u0161ku i stabilnost tokom kretanja.<\/li>\n<li> Gumeni \u0111on u punoj du\u017eini \u2013 omogu\u0107ava odli\u010dno prianjanje na razli\u010ditim povr\u0161inama. <!--googleon: all--> <\/li>","protected":false},"excerpt":{"rendered":"<p>Puma Meza mu\u0161ke patike donose maksimalnu udobnost zahvaljuju\u0107i Cell tehnologiji, dok TPU oja\u010danje u srednjem dijelu \u0111ona pru\u017ea stabilnost. \u0110on s potpunim gumenim prekrivanjem osigurava vrhunsko prianjanje. Unesi svje\u017einu u svoju kolekciju patika uz ovaj moderan model.Detalji: Cell tehnologija \u2013 za maksimalnu udobnost i ubla\u017eavanje pritiska pri svakom koraku. TPU stabilizator \u2013 pru\u017ea dodatnu podr\u0161ku [&hellip;]<\/p>","protected":false},"featured_media":30499,"template":"","meta":{"jetpack_post_was_ever_published":false},"product_brand":[111],"product_cat":[67],"product_tag":[],"class_list":{"0":"post-30502","1":"product","2":"type-product","3":"status-publish","4":"has-post-thumbnail","6":"product_brand-sport_reality","7":"product_cat-muske-patike","9":"first","10":"instock","11":"sale","12":"shipping-taxable","13":"product-type-external"},"jetpack-related-posts":[],"jetpack_sharing_enabled":true,"_links":{"self":[{"href":"https:\/\/cipele.ba\/en\/wp-json\/wp\/v2\/product\/30502","targetHints":{"allow":["GET"]}}],"collection":[{"href":"https:\/\/cipele.ba\/en\/wp-json\/wp\/v2\/product"}],"about":[{"href":"https:\/\/cipele.ba\/en\/wp-json\/wp\/v2\/types\/product"}],"wp:featuredmedia":[{"embeddable":true,"href":"https:\/\/cipele.ba\/en\/wp-json\/wp\/v2\/media\/30499"}],"wp:attachment":[{"href":"https:\/\/cipele.ba\/en\/wp-json\/wp\/v2\/media?parent=30502"}],"wp:term":[{"taxonomy":"product_brand","embeddable":true,"href":"https:\/\/cipele.ba\/en\/wp-json\/wp\/v2\/product_brand?post=30502"},{"taxonomy":"product_cat","embeddable":true,"href":"https:\/\/cipele.ba\/en\/wp-json\/wp\/v2\/product_cat?post=30502"},{"taxonomy":"product_tag","embeddable":true,"href":"https:\/\/cipele.ba\/en\/wp-json\/wp\/v2\/product_tag?post=30502"}],"curies":[{"name":"wp","href":"https:\/\/api.w.org\/{rel}","templated":true}]}}