{"id":30509,"date":"2025-11-06T11:21:44","date_gmt":"2025-11-06T11:21:44","guid":{"rendered":"https:\/\/cipele.ba\/shop\/uncategorized\/nike-vapor-16-club-ic\/"},"modified":"2026-04-22T00:13:45","modified_gmt":"2026-04-22T00:13:45","slug":"nike-vapor-16-club-ic","status":"publish","type":"product","link":"https:\/\/cipele.ba\/en\/shop\/muskarci\/muske-patike\/nike-vapor-16-club-ic\/","title":{"rendered":"Nike VAPOR 16 CLUB IC"},"content":{"rendered":"<p><!--googleoff: all--> <\/p>\n<p> Bilo da ste po\u010detnik ili samo igrate radi zabave, Nike Mercurial Vapor 16 Club patike vas donose na teren bez kompromisa po pitanju kvaliteta. Model Vapor 16 je dizajniran s fokusom na brzinu. <\/p>\n<\/p>\n<p> <b> Detalji: <\/b> <\/p>\n<li> Oblikovano sinteti\u010dko gornji\u0161te ima teksturisani dezen za bolju kontrolu nad loptom prilikom driblinga pri velikim brzinama <\/li>\n<li> Gumeni spoljni \u0111on je dizajniran tako da pru\u017ei trakciju u vi\u0161e smjerova na ulici, terenu i u zatvorenom prostoru <\/li>\n<li> Za upotrebu na ulici, terenu i u zatvorenom prostoru <!--googleon: all--> <\/li>","protected":false},"excerpt":{"rendered":"<p>Bilo da ste po\u010detnik ili samo igrate radi zabave, Nike Mercurial Vapor 16 Club patike vas donose na teren bez kompromisa po pitanju kvaliteta. Model Vapor 16 je dizajniran s fokusom na brzinu. Detalji: Oblikovano sinteti\u010dko gornji\u0161te ima teksturisani dezen za bolju kontrolu nad loptom prilikom driblinga pri velikim brzinama Gumeni spoljni \u0111on je dizajniran [&hellip;]<\/p>","protected":false},"featured_media":30506,"template":"","meta":{"jetpack_post_was_ever_published":false},"product_brand":[111],"product_cat":[67],"product_tag":[],"class_list":{"0":"post-30509","1":"product","2":"type-product","3":"status-publish","4":"has-post-thumbnail","6":"product_brand-sport_reality","7":"product_cat-muske-patike","9":"first","10":"instock","11":"sale","12":"shipping-taxable","13":"product-type-external"},"jetpack-related-posts":[],"jetpack_sharing_enabled":true,"_links":{"self":[{"href":"https:\/\/cipele.ba\/en\/wp-json\/wp\/v2\/product\/30509","targetHints":{"allow":["GET"]}}],"collection":[{"href":"https:\/\/cipele.ba\/en\/wp-json\/wp\/v2\/product"}],"about":[{"href":"https:\/\/cipele.ba\/en\/wp-json\/wp\/v2\/types\/product"}],"wp:featuredmedia":[{"embeddable":true,"href":"https:\/\/cipele.ba\/en\/wp-json\/wp\/v2\/media\/30506"}],"wp:attachment":[{"href":"https:\/\/cipele.ba\/en\/wp-json\/wp\/v2\/media?parent=30509"}],"wp:term":[{"taxonomy":"product_brand","embeddable":true,"href":"https:\/\/cipele.ba\/en\/wp-json\/wp\/v2\/product_brand?post=30509"},{"taxonomy":"product_cat","embeddable":true,"href":"https:\/\/cipele.ba\/en\/wp-json\/wp\/v2\/product_cat?post=30509"},{"taxonomy":"product_tag","embeddable":true,"href":"https:\/\/cipele.ba\/en\/wp-json\/wp\/v2\/product_tag?post=30509"}],"curies":[{"name":"wp","href":"https:\/\/api.w.org\/{rel}","templated":true}]}}