{"id":30520,"date":"2025-11-06T11:21:51","date_gmt":"2025-11-06T11:21:51","guid":{"rendered":"https:\/\/cipele.ba\/shop\/uncategorized\/umbro-legend-4\/"},"modified":"2026-04-18T17:51:32","modified_gmt":"2026-04-18T17:51:32","slug":"umbro-legend-4","status":"publish","type":"product","link":"https:\/\/cipele.ba\/en\/shop\/muskarci\/muske-patike\/umbro-legend-4\/","title":{"rendered":"Umbro Legend"},"content":{"rendered":"<p><!--googleoff: all--> <\/p>\n<p> Odra\u017eavajte se sna\u017eno i brzo na zatvorenim terenima u ovim Umbro Legend mu\u0161kim patikama za trening. <\/p>\n<\/p>\n<p> <b> Detalji <\/b> <\/p>\n<li> Pertlanje <\/li>\n<li> Izdr\u017eljivo gornji\u0161te <\/li>\n<li> Gumeni spoljni \u0111on <!--googleon: all--> <\/li>","protected":false},"excerpt":{"rendered":"<p>Odra\u017eavajte se sna\u017eno i brzo na zatvorenim terenima u ovim Umbro Legend mu\u0161kim patikama za trening. Detalji Pertlanje Izdr\u017eljivo gornji\u0161te Gumeni spoljni \u0111on<\/p>","protected":false},"featured_media":30517,"template":"","meta":{"jetpack_post_was_ever_published":false},"product_brand":[111],"product_cat":[67],"product_tag":[],"class_list":{"0":"post-30520","1":"product","2":"type-product","3":"status-publish","4":"has-post-thumbnail","6":"product_brand-sport_reality","7":"product_cat-muske-patike","9":"first","10":"instock","11":"sale","12":"shipping-taxable","13":"product-type-external"},"jetpack-related-posts":[],"jetpack_sharing_enabled":true,"_links":{"self":[{"href":"https:\/\/cipele.ba\/en\/wp-json\/wp\/v2\/product\/30520","targetHints":{"allow":["GET"]}}],"collection":[{"href":"https:\/\/cipele.ba\/en\/wp-json\/wp\/v2\/product"}],"about":[{"href":"https:\/\/cipele.ba\/en\/wp-json\/wp\/v2\/types\/product"}],"wp:featuredmedia":[{"embeddable":true,"href":"https:\/\/cipele.ba\/en\/wp-json\/wp\/v2\/media\/30517"}],"wp:attachment":[{"href":"https:\/\/cipele.ba\/en\/wp-json\/wp\/v2\/media?parent=30520"}],"wp:term":[{"taxonomy":"product_brand","embeddable":true,"href":"https:\/\/cipele.ba\/en\/wp-json\/wp\/v2\/product_brand?post=30520"},{"taxonomy":"product_cat","embeddable":true,"href":"https:\/\/cipele.ba\/en\/wp-json\/wp\/v2\/product_cat?post=30520"},{"taxonomy":"product_tag","embeddable":true,"href":"https:\/\/cipele.ba\/en\/wp-json\/wp\/v2\/product_tag?post=30520"}],"curies":[{"name":"wp","href":"https:\/\/api.w.org\/{rel}","templated":true}]}}