{"id":30528,"date":"2025-11-06T11:21:57","date_gmt":"2025-11-06T11:21:57","guid":{"rendered":"https:\/\/cipele.ba\/shop\/uncategorized\/umbro-sala-3\/"},"modified":"2026-04-15T16:17:44","modified_gmt":"2026-04-15T16:17:44","slug":"umbro-sala-3","status":"publish","type":"product","link":"https:\/\/cipele.ba\/en\/shop\/muskarci\/muske-patike\/umbro-sala-3\/","title":{"rendered":"Umbro Sala"},"content":{"rendered":"<p><!--googleoff: all--> <\/p>\n<p> Umbro Sala IC mu\u0161ke kopa\u010dke \u0107e vam pomo\u0107i da pobolj\u0161ate igru na zatvorenim terenima. <\/p>\n<\/p>\n<p> <b> DETALJI <\/b> <\/p>\n<li> Pertlanje <\/li>\n<li> Izdr\u017eljivo gornji\u0161te <\/li>\n<li> Gumeni spoljni \u0111on <!--googleon: all--> <\/li>","protected":false},"excerpt":{"rendered":"<p>Umbro Sala IC mu\u0161ke kopa\u010dke \u0107e vam pomo\u0107i da pobolj\u0161ate igru na zatvorenim terenima. DETALJI Pertlanje Izdr\u017eljivo gornji\u0161te Gumeni spoljni \u0111on<\/p>","protected":false},"featured_media":30526,"template":"","meta":{"jetpack_post_was_ever_published":false},"product_brand":[111],"product_cat":[67],"product_tag":[],"class_list":{"0":"post-30528","1":"product","2":"type-product","3":"status-publish","4":"has-post-thumbnail","6":"product_brand-sport_reality","7":"product_cat-muske-patike","9":"first","10":"instock","11":"sale","12":"shipping-taxable","13":"product-type-external"},"jetpack-related-posts":[],"jetpack_sharing_enabled":true,"_links":{"self":[{"href":"https:\/\/cipele.ba\/en\/wp-json\/wp\/v2\/product\/30528","targetHints":{"allow":["GET"]}}],"collection":[{"href":"https:\/\/cipele.ba\/en\/wp-json\/wp\/v2\/product"}],"about":[{"href":"https:\/\/cipele.ba\/en\/wp-json\/wp\/v2\/types\/product"}],"wp:featuredmedia":[{"embeddable":true,"href":"https:\/\/cipele.ba\/en\/wp-json\/wp\/v2\/media\/30526"}],"wp:attachment":[{"href":"https:\/\/cipele.ba\/en\/wp-json\/wp\/v2\/media?parent=30528"}],"wp:term":[{"taxonomy":"product_brand","embeddable":true,"href":"https:\/\/cipele.ba\/en\/wp-json\/wp\/v2\/product_brand?post=30528"},{"taxonomy":"product_cat","embeddable":true,"href":"https:\/\/cipele.ba\/en\/wp-json\/wp\/v2\/product_cat?post=30528"},{"taxonomy":"product_tag","embeddable":true,"href":"https:\/\/cipele.ba\/en\/wp-json\/wp\/v2\/product_tag?post=30528"}],"curies":[{"name":"wp","href":"https:\/\/api.w.org\/{rel}","templated":true}]}}