{"id":30534,"date":"2025-11-06T11:22:01","date_gmt":"2025-11-06T11:22:01","guid":{"rendered":"https:\/\/cipele.ba\/shop\/uncategorized\/nike-tiempo-legend-10-club-tf\/"},"modified":"2026-04-19T01:50:26","modified_gmt":"2026-04-19T01:50:26","slug":"nike-tiempo-legend-10-club-tf","status":"publish","type":"product","link":"https:\/\/cipele.ba\/en\/shop\/muskarci\/muske-patike\/nike-tiempo-legend-10-club-tf\/","title":{"rendered":"Nike Tiempo Legend 10 Club TF"},"content":{"rendered":"<p><!--googleoff: all--> <\/p>\n<p>Nike Tiempo Legend 10 Club TF patike za fudbal idealne za kra\u0107e sinteti\u010dke povr\u0161ine. <\/p>\n<p> Novo primjenjeno gornji\u0161te od konstruisane ko\u017ee je nevjerovatno mekano, udobno i maksimalno funkcionalno. Mikrota\u010dke poja\u010davaju dodirne zone za \u0161utiranje, dribling i dodavanja. Meka pjena u me\u0111u\u0111onu obezbje\u0111uje savr\u0161enu amortizaciju i dodaje na udobnosti. Na osnovu analize pokreta igra\u010da Nike Sports Research Lab, gumeni \u0111on je dizajniran da obezbjedi vi\u0161esmjernu vu\u010du na podlogama sa vje\u0161ta\u010dkom travom.<\/p>\n<p> Specifikacija: <\/p>\n<li> Patike za fudbal<\/li>\n<li> Meka pjena u me\u0111u\u0111onu<\/li>\n<li> Mikrota\u010dke <\/li>\n<li> Gornji\u0161te od konstruisane ko\u017ee <\/li>\n<li> Gumeni \u0111on <!--googleon: all--> <\/li>","protected":false},"excerpt":{"rendered":"<p>Nike Tiempo Legend 10 Club TF patike za fudbal idealne za kra\u0107e sinteti\u010dke povr\u0161ine. Novo primjenjeno gornji\u0161te od konstruisane ko\u017ee je nevjerovatno mekano, udobno i maksimalno funkcionalno. Mikrota\u010dke poja\u010davaju dodirne zone za \u0161utiranje, dribling i dodavanja. Meka pjena u me\u0111u\u0111onu obezbje\u0111uje savr\u0161enu amortizaciju i dodaje na udobnosti. Na osnovu analize pokreta igra\u010da Nike Sports Research [&hellip;]<\/p>","protected":false},"featured_media":30532,"template":"","meta":{"jetpack_post_was_ever_published":false},"product_brand":[111],"product_cat":[67],"product_tag":[],"class_list":{"0":"post-30534","1":"product","2":"type-product","3":"status-publish","4":"has-post-thumbnail","6":"product_brand-sport_reality","7":"product_cat-muske-patike","9":"first","10":"instock","11":"sale","12":"shipping-taxable","13":"product-type-external"},"jetpack-related-posts":[],"jetpack_sharing_enabled":true,"_links":{"self":[{"href":"https:\/\/cipele.ba\/en\/wp-json\/wp\/v2\/product\/30534","targetHints":{"allow":["GET"]}}],"collection":[{"href":"https:\/\/cipele.ba\/en\/wp-json\/wp\/v2\/product"}],"about":[{"href":"https:\/\/cipele.ba\/en\/wp-json\/wp\/v2\/types\/product"}],"wp:featuredmedia":[{"embeddable":true,"href":"https:\/\/cipele.ba\/en\/wp-json\/wp\/v2\/media\/30532"}],"wp:attachment":[{"href":"https:\/\/cipele.ba\/en\/wp-json\/wp\/v2\/media?parent=30534"}],"wp:term":[{"taxonomy":"product_brand","embeddable":true,"href":"https:\/\/cipele.ba\/en\/wp-json\/wp\/v2\/product_brand?post=30534"},{"taxonomy":"product_cat","embeddable":true,"href":"https:\/\/cipele.ba\/en\/wp-json\/wp\/v2\/product_cat?post=30534"},{"taxonomy":"product_tag","embeddable":true,"href":"https:\/\/cipele.ba\/en\/wp-json\/wp\/v2\/product_tag?post=30534"}],"curies":[{"name":"wp","href":"https:\/\/api.w.org\/{rel}","templated":true}]}}