{"id":30540,"date":"2025-11-06T11:22:05","date_gmt":"2025-11-06T11:22:05","guid":{"rendered":"https:\/\/cipele.ba\/shop\/uncategorized\/skechers-go-run-consistent-2-0-piedm-2\/"},"modified":"2026-04-18T17:54:24","modified_gmt":"2026-04-18T17:54:24","slug":"skechers-go-run-consistent-2-0-piedm-2","status":"publish","type":"product","link":"https:\/\/cipele.ba\/en\/shop\/muskarci\/muske-patike\/skechers-go-run-consistent-2-0-piedm-2\/","title":{"rendered":"Skechers GO RUN CONSISTENT 2.0 &#8211; PIEDM"},"content":{"rendered":"<p><!--googleoff: all--> <\/p>\n<p>Skechers GO RUN CONSISTENT 2.0 \u2013 PIEDM \u2013 patike za tr\u010danje koje se lako nose i van staze. Udobne, lagane i sa mre\u017eastim gornji\u0161tem koje pru\u017ea prozra\u010dnost, idealne su i za svakodnevne aktivnosti. <\/p>\n<p> Detalji:<\/p>\n<li> Mre\u017easti gornji dio \u2013 za bolju ventilaciju i udobnost<\/li>\n<li> Lagani dizajn \u2013 pogodan za tr\u010danje i svakodnevno no\u0161enje<\/li>\n<li> Udoban \u0111on \u2013 pru\u017ea podr\u0161ku i amortizaciju pri svakom koraku <!--googleon: all--> <\/li>","protected":false},"excerpt":{"rendered":"<p>Skechers GO RUN CONSISTENT 2.0 \u2013 PIEDM \u2013 patike za tr\u010danje koje se lako nose i van staze. Udobne, lagane i sa mre\u017eastim gornji\u0161tem koje pru\u017ea prozra\u010dnost, idealne su i za svakodnevne aktivnosti. Detalji: Mre\u017easti gornji dio \u2013 za bolju ventilaciju i udobnost Lagani dizajn \u2013 pogodan za tr\u010danje i svakodnevno no\u0161enje Udoban \u0111on \u2013 [&hellip;]<\/p>","protected":false},"featured_media":30537,"template":"","meta":{"jetpack_post_was_ever_published":false},"product_brand":[111],"product_cat":[67],"product_tag":[],"class_list":{"0":"post-30540","1":"product","2":"type-product","3":"status-publish","4":"has-post-thumbnail","6":"product_brand-sport_reality","7":"product_cat-muske-patike","9":"first","10":"instock","11":"sale","12":"shipping-taxable","13":"product-type-external"},"jetpack-related-posts":[],"jetpack_sharing_enabled":true,"_links":{"self":[{"href":"https:\/\/cipele.ba\/en\/wp-json\/wp\/v2\/product\/30540","targetHints":{"allow":["GET"]}}],"collection":[{"href":"https:\/\/cipele.ba\/en\/wp-json\/wp\/v2\/product"}],"about":[{"href":"https:\/\/cipele.ba\/en\/wp-json\/wp\/v2\/types\/product"}],"wp:featuredmedia":[{"embeddable":true,"href":"https:\/\/cipele.ba\/en\/wp-json\/wp\/v2\/media\/30537"}],"wp:attachment":[{"href":"https:\/\/cipele.ba\/en\/wp-json\/wp\/v2\/media?parent=30540"}],"wp:term":[{"taxonomy":"product_brand","embeddable":true,"href":"https:\/\/cipele.ba\/en\/wp-json\/wp\/v2\/product_brand?post=30540"},{"taxonomy":"product_cat","embeddable":true,"href":"https:\/\/cipele.ba\/en\/wp-json\/wp\/v2\/product_cat?post=30540"},{"taxonomy":"product_tag","embeddable":true,"href":"https:\/\/cipele.ba\/en\/wp-json\/wp\/v2\/product_tag?post=30540"}],"curies":[{"name":"wp","href":"https:\/\/api.w.org\/{rel}","templated":true}]}}