{"id":30545,"date":"2025-11-06T11:22:08","date_gmt":"2025-11-06T11:22:08","guid":{"rendered":"https:\/\/cipele.ba\/shop\/uncategorized\/adidas-galaxy-7-2\/"},"modified":"2026-04-18T09:35:23","modified_gmt":"2026-04-18T09:35:23","slug":"adidas-galaxy-7-2","status":"publish","type":"product","link":"https:\/\/cipele.ba\/en\/shop\/muskarci\/muske-patike\/adidas-galaxy-7-2\/","title":{"rendered":"adidas Galaxy 7"},"content":{"rendered":"<p><!--googleoff: all--> <\/p>\n<p> Svako tr\u010danje je putovanje ka otkri\u0107u. Obujte ove adidas Galaxy 7 mu\u0161ke patike za tr\u010danje i istra\u017eite svoj potencijal. <\/p>\n<\/p>\n<p> <b> DETALJI <\/b> <\/p>\n<li> Uobi\u010dajeni kroj <\/li>\n<li> Pertlanje <\/li>\n<li> Tekstilno gornji\u0161te pru\u017ea stabilan osje\u0107aj od prvih krugova do prve trke na 5 km <\/li>\n<li> Tekstilna postava <\/li>\n<li> Cloudfoam srednji \u0111on amortizuje va\u0161e kretanje kako bi vam bilo udobno dok razvijate svoju izdr\u017eljivost <\/li>\n<li> TPU spoljni \u0111on pru\u017ea stabilnost i trakciju <!--googleon: all--> <\/li>","protected":false},"excerpt":{"rendered":"<p>Svako tr\u010danje je putovanje ka otkri\u0107u. Obujte ove adidas Galaxy 7 mu\u0161ke patike za tr\u010danje i istra\u017eite svoj potencijal. DETALJI Uobi\u010dajeni kroj Pertlanje Tekstilno gornji\u0161te pru\u017ea stabilan osje\u0107aj od prvih krugova do prve trke na 5 km Tekstilna postava Cloudfoam srednji \u0111on amortizuje va\u0161e kretanje kako bi vam bilo udobno dok razvijate svoju izdr\u017eljivost TPU [&hellip;]<\/p>","protected":false},"featured_media":30542,"template":"","meta":{"jetpack_post_was_ever_published":false},"product_brand":[111],"product_cat":[67],"product_tag":[],"class_list":{"0":"post-30545","1":"product","2":"type-product","3":"status-publish","4":"has-post-thumbnail","6":"product_brand-sport_reality","7":"product_cat-muske-patike","9":"first","10":"instock","11":"shipping-taxable","12":"product-type-external"},"jetpack-related-posts":[],"jetpack_sharing_enabled":true,"_links":{"self":[{"href":"https:\/\/cipele.ba\/en\/wp-json\/wp\/v2\/product\/30545","targetHints":{"allow":["GET"]}}],"collection":[{"href":"https:\/\/cipele.ba\/en\/wp-json\/wp\/v2\/product"}],"about":[{"href":"https:\/\/cipele.ba\/en\/wp-json\/wp\/v2\/types\/product"}],"wp:featuredmedia":[{"embeddable":true,"href":"https:\/\/cipele.ba\/en\/wp-json\/wp\/v2\/media\/30542"}],"wp:attachment":[{"href":"https:\/\/cipele.ba\/en\/wp-json\/wp\/v2\/media?parent=30545"}],"wp:term":[{"taxonomy":"product_brand","embeddable":true,"href":"https:\/\/cipele.ba\/en\/wp-json\/wp\/v2\/product_brand?post=30545"},{"taxonomy":"product_cat","embeddable":true,"href":"https:\/\/cipele.ba\/en\/wp-json\/wp\/v2\/product_cat?post=30545"},{"taxonomy":"product_tag","embeddable":true,"href":"https:\/\/cipele.ba\/en\/wp-json\/wp\/v2\/product_tag?post=30545"}],"curies":[{"name":"wp","href":"https:\/\/api.w.org\/{rel}","templated":true}]}}