{"id":30558,"date":"2025-11-06T11:22:17","date_gmt":"2025-11-06T11:22:17","guid":{"rendered":"https:\/\/cipele.ba\/shop\/uncategorized\/puma-softride-carson-fresh\/"},"modified":"2026-04-27T16:26:49","modified_gmt":"2026-04-27T16:26:49","slug":"puma-softride-carson-fresh","status":"publish","type":"product","link":"https:\/\/cipele.ba\/en\/shop\/muskarci\/muske-patike\/puma-softride-carson-fresh\/","title":{"rendered":"Puma Softride Carson Fresh"},"content":{"rendered":"<p><!--googleoff: all--> <\/p>\n<p>Klizite kroz grad u vrhunskoj meko\u0107i. Na\u0161a SOFTRIDE tehnologija i SOFTFOAM+ pru\u017eaju osje\u0107aj jastu\u010dastog komfora pri svakom koraku. Lagani, prozra\u010dni mre\u017easti gornji dio odr\u017eava vas rashla\u0111enim dok skupljate kilometre u vrhunskoj udobnosti. Meke, podr\u017eavaju\u0107e i napravljene da izdr\u017ee \u2013 ovo su patike za tr\u010danje u potpuno novom izdanju <\/p>\n<p> Detalji:<\/p>\n<li> Gornji dio patika napravljen je od najmanje 20% recikliranih materijala<\/li>\n<li> SOFTFOAM+: Ulo\u017eak za trenutno prijatan osje\u0107aj pri obuvanju, dizajniran da pru\u017ei meko\u0107u zahvaljuju\u0107i dodatno debelom dijelu ispod pete<\/li>\n<li> SOFTRIDE: Mekana pena dizajnirana za cjelodnevnu udobnost i amortizaciju <!--googleon: all--> <\/li>","protected":false},"excerpt":{"rendered":"<p>Klizite kroz grad u vrhunskoj meko\u0107i. Na\u0161a SOFTRIDE tehnologija i SOFTFOAM+ pru\u017eaju osje\u0107aj jastu\u010dastog komfora pri svakom koraku. Lagani, prozra\u010dni mre\u017easti gornji dio odr\u017eava vas rashla\u0111enim dok skupljate kilometre u vrhunskoj udobnosti. Meke, podr\u017eavaju\u0107e i napravljene da izdr\u017ee \u2013 ovo su patike za tr\u010danje u potpuno novom izdanju Detalji: Gornji dio patika napravljen je od [&hellip;]<\/p>","protected":false},"featured_media":30555,"template":"","meta":{"jetpack_post_was_ever_published":false},"product_brand":[111],"product_cat":[67],"product_tag":[],"class_list":{"0":"post-30558","1":"product","2":"type-product","3":"status-publish","4":"has-post-thumbnail","6":"product_brand-sport_reality","7":"product_cat-muske-patike","9":"first","10":"instock","11":"sale","12":"shipping-taxable","13":"product-type-external"},"jetpack-related-posts":[],"jetpack_sharing_enabled":true,"_links":{"self":[{"href":"https:\/\/cipele.ba\/en\/wp-json\/wp\/v2\/product\/30558","targetHints":{"allow":["GET"]}}],"collection":[{"href":"https:\/\/cipele.ba\/en\/wp-json\/wp\/v2\/product"}],"about":[{"href":"https:\/\/cipele.ba\/en\/wp-json\/wp\/v2\/types\/product"}],"wp:featuredmedia":[{"embeddable":true,"href":"https:\/\/cipele.ba\/en\/wp-json\/wp\/v2\/media\/30555"}],"wp:attachment":[{"href":"https:\/\/cipele.ba\/en\/wp-json\/wp\/v2\/media?parent=30558"}],"wp:term":[{"taxonomy":"product_brand","embeddable":true,"href":"https:\/\/cipele.ba\/en\/wp-json\/wp\/v2\/product_brand?post=30558"},{"taxonomy":"product_cat","embeddable":true,"href":"https:\/\/cipele.ba\/en\/wp-json\/wp\/v2\/product_cat?post=30558"},{"taxonomy":"product_tag","embeddable":true,"href":"https:\/\/cipele.ba\/en\/wp-json\/wp\/v2\/product_tag?post=30558"}],"curies":[{"name":"wp","href":"https:\/\/api.w.org\/{rel}","templated":true}]}}