{"id":30568,"date":"2025-11-06T11:22:25","date_gmt":"2025-11-06T11:22:25","guid":{"rendered":"https:\/\/cipele.ba\/shop\/uncategorized\/asics-court-slide-4\/"},"modified":"2026-04-16T06:40:31","modified_gmt":"2026-04-16T06:40:31","slug":"asics-court-slide-4","status":"publish","type":"product","link":"https:\/\/cipele.ba\/en\/shop\/muskarci\/muske-patike\/asics-court-slide-4\/","title":{"rendered":"Asics Court Slide 4"},"content":{"rendered":"<p><!--googleoff: all--> <\/p>\n<p> Asics Court Slide 4 mu\u0161ke patike su dizajnirane za udobnost i performanse, i nude sveden sportski look sa izdr\u017eljivim amortizuju\u0107im \u0111onom. <\/p>\n<\/p>\n<p> <b> Detalji <\/b> <\/p>\n<li> Slip-on patike idealne za opu\u0161teno no\u0161enje i laganu fizi\u010dku aktivnost <\/li>\n<li> Minimalisti\u010dki dizajn garantuje lako\u0107u pokreta <\/li>\n<li> Idealne za bavljenje sportom i svakodnevnu upotrebu <\/li>\n<li> Lagana konstrukcija i dobra potpora i prianjanje <!--googleon: all--> <\/li>","protected":false},"excerpt":{"rendered":"<p>Asics Court Slide 4 mu\u0161ke patike su dizajnirane za udobnost i performanse, i nude sveden sportski look sa izdr\u017eljivim amortizuju\u0107im \u0111onom. Detalji Slip-on patike idealne za opu\u0161teno no\u0161enje i laganu fizi\u010dku aktivnost Minimalisti\u010dki dizajn garantuje lako\u0107u pokreta Idealne za bavljenje sportom i svakodnevnu upotrebu Lagana konstrukcija i dobra potpora i prianjanje<\/p>","protected":false},"featured_media":30565,"template":"","meta":{"jetpack_post_was_ever_published":false},"product_brand":[111],"product_cat":[67],"product_tag":[],"class_list":{"0":"post-30568","1":"product","2":"type-product","3":"status-publish","4":"has-post-thumbnail","6":"product_brand-sport_reality","7":"product_cat-muske-patike","9":"first","10":"instock","11":"sale","12":"shipping-taxable","13":"product-type-external"},"jetpack-related-posts":[],"jetpack_sharing_enabled":true,"_links":{"self":[{"href":"https:\/\/cipele.ba\/en\/wp-json\/wp\/v2\/product\/30568","targetHints":{"allow":["GET"]}}],"collection":[{"href":"https:\/\/cipele.ba\/en\/wp-json\/wp\/v2\/product"}],"about":[{"href":"https:\/\/cipele.ba\/en\/wp-json\/wp\/v2\/types\/product"}],"wp:featuredmedia":[{"embeddable":true,"href":"https:\/\/cipele.ba\/en\/wp-json\/wp\/v2\/media\/30565"}],"wp:attachment":[{"href":"https:\/\/cipele.ba\/en\/wp-json\/wp\/v2\/media?parent=30568"}],"wp:term":[{"taxonomy":"product_brand","embeddable":true,"href":"https:\/\/cipele.ba\/en\/wp-json\/wp\/v2\/product_brand?post=30568"},{"taxonomy":"product_cat","embeddable":true,"href":"https:\/\/cipele.ba\/en\/wp-json\/wp\/v2\/product_cat?post=30568"},{"taxonomy":"product_tag","embeddable":true,"href":"https:\/\/cipele.ba\/en\/wp-json\/wp\/v2\/product_tag?post=30568"}],"curies":[{"name":"wp","href":"https:\/\/api.w.org\/{rel}","templated":true}]}}