{"id":30574,"date":"2025-11-06T11:22:34","date_gmt":"2025-11-06T11:22:34","guid":{"rendered":"https:\/\/cipele.ba\/shop\/uncategorized\/nike-revolution-8-7\/"},"modified":"2026-04-18T21:59:18","modified_gmt":"2026-04-18T21:59:18","slug":"nike-revolution-8-7","status":"publish","type":"product","link":"https:\/\/cipele.ba\/en\/shop\/muskarci\/muske-patike\/nike-revolution-8-7\/","title":{"rendered":"Nike Revolution 8"},"content":{"rendered":"<p><!--googleoff: all--> <\/p>\n<p> Nike Revolution 8 mu\u0161ke patike za tr\u010danje predstavljaju evoluciju va\u0161eg provjerenog favorita. Svaki korak ubla\u017een je zahvaljuju\u0107i pjeni u me\u0111upotplatu i fleksibilnom prednjem dijelu stopala koji \u010dini pokrete mek\u0161im. Gornji\u0161te od mre\u017ee jo\u0161 je prozra\u010dnije nego kod prethodne verzije, pa mo\u017eete tr\u010dati u rashla\u0111enoj udobnosti. <\/p>\n<\/p>\n<p> <b> Detalji <\/b> <\/p>\n<li> Mre\u017easto gornji\u0161te pru\u017ea udoban i prozra\u010dan osje\u0107aj <\/li>\n<li> Pjena u me\u0111upotplatu obezbje\u0111uje intuitivnu amortizaciju kroz rocker geometriju fokusiranu na udobnost <\/li>\n<li> Spoljni \u0111on sa intuitivnim Nike dizajnom i fleksibilnim kanalima u prednjem dijelu stvara prijatan osje\u0107aj amortizacije tokom tr\u010danja <\/li>\n<li> Dodatne ta\u010dke na peti i jeziku olak\u0161avaju prirodno obuvanje i izuvanje <\/li>\n<li> Mre\u017ea na gornji\u0161tu je prozra\u010dnija nego kod Revolution 7 modela, poma\u017eu\u0107i da ostanete rashla\u0111eni <\/li>\n<li> Te\u017eina: Oko 292 g (mu\u0161ki US 10) <\/li>\n<li> Pad od pete do prstiju: 10 mm <!--googleon: all--> <\/li>","protected":false},"excerpt":{"rendered":"<p>Nike Revolution 8 mu\u0161ke patike za tr\u010danje predstavljaju evoluciju va\u0161eg provjerenog favorita. Svaki korak ubla\u017een je zahvaljuju\u0107i pjeni u me\u0111upotplatu i fleksibilnom prednjem dijelu stopala koji \u010dini pokrete mek\u0161im. Gornji\u0161te od mre\u017ee jo\u0161 je prozra\u010dnije nego kod prethodne verzije, pa mo\u017eete tr\u010dati u rashla\u0111enoj udobnosti. Detalji Mre\u017easto gornji\u0161te pru\u017ea udoban i prozra\u010dan osje\u0107aj Pjena u [&hellip;]<\/p>","protected":false},"featured_media":30571,"template":"","meta":{"jetpack_post_was_ever_published":false},"product_brand":[111],"product_cat":[67],"product_tag":[],"class_list":{"0":"post-30574","1":"product","2":"type-product","3":"status-publish","4":"has-post-thumbnail","6":"product_brand-sport_reality","7":"product_cat-muske-patike","9":"first","10":"instock","11":"sale","12":"shipping-taxable","13":"product-type-external"},"jetpack-related-posts":[],"jetpack_sharing_enabled":true,"_links":{"self":[{"href":"https:\/\/cipele.ba\/en\/wp-json\/wp\/v2\/product\/30574","targetHints":{"allow":["GET"]}}],"collection":[{"href":"https:\/\/cipele.ba\/en\/wp-json\/wp\/v2\/product"}],"about":[{"href":"https:\/\/cipele.ba\/en\/wp-json\/wp\/v2\/types\/product"}],"wp:featuredmedia":[{"embeddable":true,"href":"https:\/\/cipele.ba\/en\/wp-json\/wp\/v2\/media\/30571"}],"wp:attachment":[{"href":"https:\/\/cipele.ba\/en\/wp-json\/wp\/v2\/media?parent=30574"}],"wp:term":[{"taxonomy":"product_brand","embeddable":true,"href":"https:\/\/cipele.ba\/en\/wp-json\/wp\/v2\/product_brand?post=30574"},{"taxonomy":"product_cat","embeddable":true,"href":"https:\/\/cipele.ba\/en\/wp-json\/wp\/v2\/product_cat?post=30574"},{"taxonomy":"product_tag","embeddable":true,"href":"https:\/\/cipele.ba\/en\/wp-json\/wp\/v2\/product_tag?post=30574"}],"curies":[{"name":"wp","href":"https:\/\/api.w.org\/{rel}","templated":true}]}}