{"id":30587,"date":"2025-11-06T11:22:45","date_gmt":"2025-11-06T11:22:45","guid":{"rendered":"https:\/\/cipele.ba\/shop\/uncategorized\/adidas-duramo-rc2\/"},"modified":"2026-04-20T22:51:27","modified_gmt":"2026-04-20T22:51:27","slug":"adidas-duramo-rc2","status":"publish","type":"product","link":"https:\/\/cipele.ba\/en\/shop\/muskarci\/muske-patike\/adidas-duramo-rc2\/","title":{"rendered":"adidas Duramo RC2"},"content":{"rendered":"<p><!--googleoff: all--> <\/p>\n<p>Sve je u osje\u0107aju \u2013 ove adidas patike za tr\u010danje daju ti dodatni podsticaj da iza\u0111e\u0161 i pokrene\u0161 se. Mekana peta i jezik nje\u017eno grle stopalo pri obuvanju, dok LIGHTMOTION srednji \u0111on u punoj du\u017eini pru\u017ea lagan i odzivan osje\u0107aj pri svakom koraku. Bilo na stazi ili trotoaru, Adiwear gumirani \u0111on osigurava dugotrajnu izdr\u017eljivost i pouzdan grip.<br \/>Detalji:<\/p>\n<li> LIGHTMOTION srednji \u0111on za laganu i odzivnu amortizaciju.<\/li>\n<li> Mekana peta i jezik za udobnost od prvog koraka.<\/li>\n<li> Izdr\u017eljiv Adiwear gumirani \u0111on za dugotrajnu stabilnost. <!--googleon: all--> <\/li>","protected":false},"excerpt":{"rendered":"<p>Sve je u osje\u0107aju \u2013 ove adidas patike za tr\u010danje daju ti dodatni podsticaj da iza\u0111e\u0161 i pokrene\u0161 se. Mekana peta i jezik nje\u017eno grle stopalo pri obuvanju, dok LIGHTMOTION srednji \u0111on u punoj du\u017eini pru\u017ea lagan i odzivan osje\u0107aj pri svakom koraku. Bilo na stazi ili trotoaru, Adiwear gumirani \u0111on osigurava dugotrajnu izdr\u017eljivost i [&hellip;]<\/p>","protected":false},"featured_media":30584,"template":"","meta":{"jetpack_post_was_ever_published":false},"product_brand":[111],"product_cat":[67],"product_tag":[],"class_list":{"0":"post-30587","1":"product","2":"type-product","3":"status-publish","4":"has-post-thumbnail","6":"product_brand-sport_reality","7":"product_cat-muske-patike","9":"first","10":"instock","11":"shipping-taxable","12":"product-type-external"},"jetpack-related-posts":[],"jetpack_sharing_enabled":true,"_links":{"self":[{"href":"https:\/\/cipele.ba\/en\/wp-json\/wp\/v2\/product\/30587","targetHints":{"allow":["GET"]}}],"collection":[{"href":"https:\/\/cipele.ba\/en\/wp-json\/wp\/v2\/product"}],"about":[{"href":"https:\/\/cipele.ba\/en\/wp-json\/wp\/v2\/types\/product"}],"wp:featuredmedia":[{"embeddable":true,"href":"https:\/\/cipele.ba\/en\/wp-json\/wp\/v2\/media\/30584"}],"wp:attachment":[{"href":"https:\/\/cipele.ba\/en\/wp-json\/wp\/v2\/media?parent=30587"}],"wp:term":[{"taxonomy":"product_brand","embeddable":true,"href":"https:\/\/cipele.ba\/en\/wp-json\/wp\/v2\/product_brand?post=30587"},{"taxonomy":"product_cat","embeddable":true,"href":"https:\/\/cipele.ba\/en\/wp-json\/wp\/v2\/product_cat?post=30587"},{"taxonomy":"product_tag","embeddable":true,"href":"https:\/\/cipele.ba\/en\/wp-json\/wp\/v2\/product_tag?post=30587"}],"curies":[{"name":"wp","href":"https:\/\/api.w.org\/{rel}","templated":true}]}}