{"id":30588,"date":"2025-11-06T11:22:46","date_gmt":"2025-11-06T11:22:46","guid":{"rendered":"https:\/\/cipele.ba\/shop\/uncategorized\/adidas-vl-court-base\/"},"modified":"2026-04-19T18:58:32","modified_gmt":"2026-04-19T18:58:32","slug":"adidas-vl-court-base","status":"publish","type":"product","link":"https:\/\/cipele.ba\/en\/shop\/muskarci\/muske-patike\/adidas-vl-court-base\/","title":{"rendered":"adidas VL Court Base"},"content":{"rendered":"<p><!--googleoff: all--> <\/p>\n<p>Bilo da izgledate elegantno u krojenim pantalonama ili opu\u0161teno u vikend trenerci, ove adidas patike upotpunjuju svaki stil. Glatki gornji dio oblo\u017een je mekanom postavom za prijatan osje\u0107aj na stopalu. \u010cvrst gumeni \u0111on pru\u017ea udobnost i sigurnost pri hodu, dan za danom, sezonu za sezonom.<br \/>Detalji:<\/p>\n<li> Udobnost \u2013 mekana unutra\u0161nja postava za prijatan osje\u0107aj.<\/li>\n<li> Izdr\u017eljivost \u2013 gumeni \u0111on osigurava dugotrajnu stabilnost.<\/li>\n<li> Svestranost \u2013 lako se kombinuju uz elegantne ili le\u017eerne kombinacije.<br \/> <!--googleon: all--> <\/li>","protected":false},"excerpt":{"rendered":"<p>Bilo da izgledate elegantno u krojenim pantalonama ili opu\u0161teno u vikend trenerci, ove adidas patike upotpunjuju svaki stil. Glatki gornji dio oblo\u017een je mekanom postavom za prijatan osje\u0107aj na stopalu. \u010cvrst gumeni \u0111on pru\u017ea udobnost i sigurnost pri hodu, dan za danom, sezonu za sezonom.Detalji: Udobnost \u2013 mekana unutra\u0161nja postava za prijatan osje\u0107aj. Izdr\u017eljivost \u2013 [&hellip;]<\/p>","protected":false},"featured_media":30586,"template":"","meta":{"jetpack_post_was_ever_published":false},"product_brand":[111],"product_cat":[67],"product_tag":[],"class_list":{"0":"post-30588","1":"product","2":"type-product","3":"status-publish","4":"has-post-thumbnail","6":"product_brand-sport_reality","7":"product_cat-muske-patike","9":"first","10":"instock","11":"sale","12":"shipping-taxable","13":"product-type-external"},"jetpack-related-posts":[],"jetpack_sharing_enabled":true,"_links":{"self":[{"href":"https:\/\/cipele.ba\/en\/wp-json\/wp\/v2\/product\/30588","targetHints":{"allow":["GET"]}}],"collection":[{"href":"https:\/\/cipele.ba\/en\/wp-json\/wp\/v2\/product"}],"about":[{"href":"https:\/\/cipele.ba\/en\/wp-json\/wp\/v2\/types\/product"}],"wp:featuredmedia":[{"embeddable":true,"href":"https:\/\/cipele.ba\/en\/wp-json\/wp\/v2\/media\/30586"}],"wp:attachment":[{"href":"https:\/\/cipele.ba\/en\/wp-json\/wp\/v2\/media?parent=30588"}],"wp:term":[{"taxonomy":"product_brand","embeddable":true,"href":"https:\/\/cipele.ba\/en\/wp-json\/wp\/v2\/product_brand?post=30588"},{"taxonomy":"product_cat","embeddable":true,"href":"https:\/\/cipele.ba\/en\/wp-json\/wp\/v2\/product_cat?post=30588"},{"taxonomy":"product_tag","embeddable":true,"href":"https:\/\/cipele.ba\/en\/wp-json\/wp\/v2\/product_tag?post=30588"}],"curies":[{"name":"wp","href":"https:\/\/api.w.org\/{rel}","templated":true}]}}