{"id":30590,"date":"2025-11-06T11:22:48","date_gmt":"2025-11-06T11:22:48","guid":{"rendered":"https:\/\/cipele.ba\/shop\/uncategorized\/adidas-vl-court-base-2\/"},"modified":"2026-04-19T15:29:33","modified_gmt":"2026-04-19T15:29:33","slug":"adidas-vl-court-base-2","status":"publish","type":"product","link":"https:\/\/cipele.ba\/en\/shop\/muskarci\/muske-patike\/adidas-vl-court-base-2\/","title":{"rendered":"adidas VL Court Base"},"content":{"rendered":"<p><!--googleoff: all--> <\/p>\n<p>Ove adidas patike krasi prepoznatljiv izgled sa 3-Stripes detaljem koji odolijeva vremenu. Glatki gornji dio sa postavom pru\u017ea udobnost, dok \u010dvrst gumeni \u0111on daje stabilnost pri svakom koraku. Mo\u017ee\u0161 ih nositi uz sve \u2013 od chino pantalona do trenerke. Napravljene su od niza recikliranih materijala, a gornji dio sadr\u017ei najmanje 50% recikliranog sadr\u017eaja. Ovaj proizvod je dio na\u0161eg rje\u0161enja za smanjenje plasti\u010dnog otpada.<br \/>Detalji:<\/p>\n<li> Udobnost \u2013 postavljena unutra\u0161njost i lagani materijali za prijatan osje\u0107aj.<\/li>\n<li> Izdr\u017eljivost \u2013 gumeni \u0111on pru\u017ea podr\u0161ku i dugotrajnu stabilnost.<\/li>\n<li> Odr\u017eivi dizajn \u2013 najmanje 50% recikliranih materijala u gornjem dijelu. <!--googleon: all--> <\/li>","protected":false},"excerpt":{"rendered":"<p>Ove adidas patike krasi prepoznatljiv izgled sa 3-Stripes detaljem koji odolijeva vremenu. Glatki gornji dio sa postavom pru\u017ea udobnost, dok \u010dvrst gumeni \u0111on daje stabilnost pri svakom koraku. Mo\u017ee\u0161 ih nositi uz sve \u2013 od chino pantalona do trenerke. Napravljene su od niza recikliranih materijala, a gornji dio sadr\u017ei najmanje 50% recikliranog sadr\u017eaja. Ovaj proizvod [&hellip;]<\/p>","protected":false},"featured_media":30589,"template":"","meta":{"jetpack_post_was_ever_published":false},"product_brand":[111],"product_cat":[67],"product_tag":[],"class_list":{"0":"post-30590","1":"product","2":"type-product","3":"status-publish","4":"has-post-thumbnail","6":"product_brand-sport_reality","7":"product_cat-muske-patike","9":"first","10":"instock","11":"sale","12":"shipping-taxable","13":"product-type-external"},"jetpack-related-posts":[],"jetpack_sharing_enabled":true,"_links":{"self":[{"href":"https:\/\/cipele.ba\/en\/wp-json\/wp\/v2\/product\/30590","targetHints":{"allow":["GET"]}}],"collection":[{"href":"https:\/\/cipele.ba\/en\/wp-json\/wp\/v2\/product"}],"about":[{"href":"https:\/\/cipele.ba\/en\/wp-json\/wp\/v2\/types\/product"}],"wp:featuredmedia":[{"embeddable":true,"href":"https:\/\/cipele.ba\/en\/wp-json\/wp\/v2\/media\/30589"}],"wp:attachment":[{"href":"https:\/\/cipele.ba\/en\/wp-json\/wp\/v2\/media?parent=30590"}],"wp:term":[{"taxonomy":"product_brand","embeddable":true,"href":"https:\/\/cipele.ba\/en\/wp-json\/wp\/v2\/product_brand?post=30590"},{"taxonomy":"product_cat","embeddable":true,"href":"https:\/\/cipele.ba\/en\/wp-json\/wp\/v2\/product_cat?post=30590"},{"taxonomy":"product_tag","embeddable":true,"href":"https:\/\/cipele.ba\/en\/wp-json\/wp\/v2\/product_tag?post=30590"}],"curies":[{"name":"wp","href":"https:\/\/api.w.org\/{rel}","templated":true}]}}