{"id":30593,"date":"2025-11-06T11:22:50","date_gmt":"2025-11-06T11:22:50","guid":{"rendered":"https:\/\/cipele.ba\/shop\/uncategorized\/adidas-breaknet-3-0-4\/"},"modified":"2026-04-18T15:21:22","modified_gmt":"2026-04-18T15:21:22","slug":"adidas-breaknet-3-0-4","status":"publish","type":"product","link":"https:\/\/cipele.ba\/en\/shop\/muskarci\/muske-patike\/adidas-breaknet-3-0-4\/","title":{"rendered":"adidas Breaknet 3.0"},"content":{"rendered":"<p><!--googleoff: all--> <\/p>\n<p> Podignite svoj uli\u010dni stil s adidas Breaknet 3.0 mu\u0161kim lifestyle patikama, modernim klasikom dizajniranim za svje\u017e svakodnevni izgled. <\/p>\n<\/p>\n<p> <b> <\/p>\n<li> Gornji\u0161te od sinteti\u010dke ko\u017ee s preklopima <\/li>\n<li> EVA ulo\u017eak s adidas linearnim logom dodaje udobnost i da\u0161ak brend naslije\u0111a <\/li>\n<li> 3 Stripes logo <\/li>\n<li> Regular fit <\/li>\n<li> Vezanje <\/li>\n<li> Tekstilna postava <\/li>\n<li> Gumeni \u0111on <!--googleon: all--> <\/li>\n<p><\/b><\/p>","protected":false},"excerpt":{"rendered":"<p>Podignite svoj uli\u010dni stil s adidas Breaknet 3.0 mu\u0161kim lifestyle patikama, modernim klasikom dizajniranim za svje\u017e svakodnevni izgled. Gornji\u0161te od sinteti\u010dke ko\u017ee s preklopima EVA ulo\u017eak s adidas linearnim logom dodaje udobnost i da\u0161ak brend naslije\u0111a 3 Stripes logo Regular fit Vezanje Tekstilna postava Gumeni \u0111on<\/p>","protected":false},"featured_media":30591,"template":"","meta":{"jetpack_post_was_ever_published":false},"product_brand":[111],"product_cat":[67],"product_tag":[],"class_list":{"0":"post-30593","1":"product","2":"type-product","3":"status-publish","4":"has-post-thumbnail","6":"product_brand-sport_reality","7":"product_cat-muske-patike","9":"first","10":"instock","11":"sale","12":"shipping-taxable","13":"product-type-external"},"jetpack-related-posts":[],"jetpack_sharing_enabled":true,"_links":{"self":[{"href":"https:\/\/cipele.ba\/en\/wp-json\/wp\/v2\/product\/30593","targetHints":{"allow":["GET"]}}],"collection":[{"href":"https:\/\/cipele.ba\/en\/wp-json\/wp\/v2\/product"}],"about":[{"href":"https:\/\/cipele.ba\/en\/wp-json\/wp\/v2\/types\/product"}],"wp:featuredmedia":[{"embeddable":true,"href":"https:\/\/cipele.ba\/en\/wp-json\/wp\/v2\/media\/30591"}],"wp:attachment":[{"href":"https:\/\/cipele.ba\/en\/wp-json\/wp\/v2\/media?parent=30593"}],"wp:term":[{"taxonomy":"product_brand","embeddable":true,"href":"https:\/\/cipele.ba\/en\/wp-json\/wp\/v2\/product_brand?post=30593"},{"taxonomy":"product_cat","embeddable":true,"href":"https:\/\/cipele.ba\/en\/wp-json\/wp\/v2\/product_cat?post=30593"},{"taxonomy":"product_tag","embeddable":true,"href":"https:\/\/cipele.ba\/en\/wp-json\/wp\/v2\/product_tag?post=30593"}],"curies":[{"name":"wp","href":"https:\/\/api.w.org\/{rel}","templated":true}]}}