{"id":30602,"date":"2025-11-06T11:22:56","date_gmt":"2025-11-06T11:22:56","guid":{"rendered":"https:\/\/cipele.ba\/shop\/uncategorized\/nike-air-max-bia-7\/"},"modified":"2026-04-18T07:00:55","modified_gmt":"2026-04-18T07:00:55","slug":"nike-air-max-bia-7","status":"publish","type":"product","link":"https:\/\/cipele.ba\/en\/shop\/muskarci\/muske-patike\/nike-air-max-bia-7\/","title":{"rendered":"Nike Air Max BIA"},"content":{"rendered":"<p><!--googleoff: all--> <\/p>\n<p> Nike Air Max BIA mu\u0161ke lifestyle patike pru\u017eaju svakodnevnu udobnost dok zavr\u0161avate obaveze. <\/p>\n<\/p>\n<p> <b> Detalji: <\/b> <\/p>\n<li> Tekstilno gornji\u0161te je prozra\u010dno i izdr\u017eljivo <\/li>\n<li> Max Air jedinica u peti pru\u017ea laganu amortizaciju <\/li>\n<li> Gumeni vafl spoljni \u0111on pru\u017ea izdr\u017eljivu trakciju i istorijski stil <\/li>\n<li> Srednji \u0111on od pjene <\/li>\n<li> Gumeni spoljni \u0111on <!--googleon: all--> <\/li>","protected":false},"excerpt":{"rendered":"<p>Nike Air Max BIA mu\u0161ke lifestyle patike pru\u017eaju svakodnevnu udobnost dok zavr\u0161avate obaveze. Detalji: Tekstilno gornji\u0161te je prozra\u010dno i izdr\u017eljivo Max Air jedinica u peti pru\u017ea laganu amortizaciju Gumeni vafl spoljni \u0111on pru\u017ea izdr\u017eljivu trakciju i istorijski stil Srednji \u0111on od pjene Gumeni spoljni \u0111on<\/p>","protected":false},"featured_media":30601,"template":"","meta":{"jetpack_post_was_ever_published":false},"product_brand":[111],"product_cat":[67],"product_tag":[],"class_list":{"0":"post-30602","1":"product","2":"type-product","3":"status-publish","4":"has-post-thumbnail","6":"product_brand-sport_reality","7":"product_cat-muske-patike","9":"first","10":"instock","11":"sale","12":"shipping-taxable","13":"product-type-external"},"jetpack-related-posts":[],"jetpack_sharing_enabled":true,"_links":{"self":[{"href":"https:\/\/cipele.ba\/en\/wp-json\/wp\/v2\/product\/30602","targetHints":{"allow":["GET"]}}],"collection":[{"href":"https:\/\/cipele.ba\/en\/wp-json\/wp\/v2\/product"}],"about":[{"href":"https:\/\/cipele.ba\/en\/wp-json\/wp\/v2\/types\/product"}],"wp:featuredmedia":[{"embeddable":true,"href":"https:\/\/cipele.ba\/en\/wp-json\/wp\/v2\/media\/30601"}],"wp:attachment":[{"href":"https:\/\/cipele.ba\/en\/wp-json\/wp\/v2\/media?parent=30602"}],"wp:term":[{"taxonomy":"product_brand","embeddable":true,"href":"https:\/\/cipele.ba\/en\/wp-json\/wp\/v2\/product_brand?post=30602"},{"taxonomy":"product_cat","embeddable":true,"href":"https:\/\/cipele.ba\/en\/wp-json\/wp\/v2\/product_cat?post=30602"},{"taxonomy":"product_tag","embeddable":true,"href":"https:\/\/cipele.ba\/en\/wp-json\/wp\/v2\/product_tag?post=30602"}],"curies":[{"name":"wp","href":"https:\/\/api.w.org\/{rel}","templated":true}]}}