{"id":30604,"date":"2025-11-06T11:22:58","date_gmt":"2025-11-06T11:22:58","guid":{"rendered":"https:\/\/cipele.ba\/shop\/uncategorized\/asics-asics-gel-sonoma-8\/"},"modified":"2026-04-18T12:09:02","modified_gmt":"2026-04-18T12:09:02","slug":"asics-asics-gel-sonoma-8","status":"publish","type":"product","link":"https:\/\/cipele.ba\/en\/shop\/muskarci\/muske-patike\/asics-asics-gel-sonoma-8\/","title":{"rendered":"Asics Asics GEL-Sonoma 8"},"content":{"rendered":"<p><!--googleoff: all--> <\/p>\n<p> Asics Gel-Venture 10\u2122 mu\u0161ke patike su dizajnirane za ve\u0107u udobnost i strate\u0161ki osmi\u0161ljene za prelaz iz prirode na gradske ulice.<\/p>\n<\/p>\n<p> <b> Detalji <\/b> <\/p>\n<li> AMPLIFOAM\u2122 amortizuju\u0107i spoljni \u0111on <\/li>\n<li> GEL\u00ae tehnologija na zadnjoj strani stopala pru\u017ea mek\u0161i i udobniji osje\u0107aj ispod stopala <\/li>\n<li> Mre\u017easto gornji\u0161te za bolji protok vazduha <\/li>\n<li> Spoljni \u0111on za staze za bolje prianjanje na bilo kojoj podlozi <!--googleon: all--> <\/li>","protected":false},"excerpt":{"rendered":"<p>Asics Gel-Venture 10\u2122 mu\u0161ke patike su dizajnirane za ve\u0107u udobnost i strate\u0161ki osmi\u0161ljene za prelaz iz prirode na gradske ulice. Detalji AMPLIFOAM\u2122 amortizuju\u0107i spoljni \u0111on GEL\u00ae tehnologija na zadnjoj strani stopala pru\u017ea mek\u0161i i udobniji osje\u0107aj ispod stopala Mre\u017easto gornji\u0161te za bolji protok vazduha Spoljni \u0111on za staze za bolje prianjanje na bilo kojoj podlozi<\/p>","protected":false},"featured_media":30603,"template":"","meta":{"jetpack_post_was_ever_published":false},"product_brand":[111],"product_cat":[67],"product_tag":[],"class_list":{"0":"post-30604","1":"product","2":"type-product","3":"status-publish","4":"has-post-thumbnail","6":"product_brand-sport_reality","7":"product_cat-muske-patike","9":"first","10":"instock","11":"sale","12":"shipping-taxable","13":"product-type-external"},"jetpack-related-posts":[],"jetpack_sharing_enabled":true,"_links":{"self":[{"href":"https:\/\/cipele.ba\/en\/wp-json\/wp\/v2\/product\/30604","targetHints":{"allow":["GET"]}}],"collection":[{"href":"https:\/\/cipele.ba\/en\/wp-json\/wp\/v2\/product"}],"about":[{"href":"https:\/\/cipele.ba\/en\/wp-json\/wp\/v2\/types\/product"}],"wp:featuredmedia":[{"embeddable":true,"href":"https:\/\/cipele.ba\/en\/wp-json\/wp\/v2\/media\/30603"}],"wp:attachment":[{"href":"https:\/\/cipele.ba\/en\/wp-json\/wp\/v2\/media?parent=30604"}],"wp:term":[{"taxonomy":"product_brand","embeddable":true,"href":"https:\/\/cipele.ba\/en\/wp-json\/wp\/v2\/product_brand?post=30604"},{"taxonomy":"product_cat","embeddable":true,"href":"https:\/\/cipele.ba\/en\/wp-json\/wp\/v2\/product_cat?post=30604"},{"taxonomy":"product_tag","embeddable":true,"href":"https:\/\/cipele.ba\/en\/wp-json\/wp\/v2\/product_tag?post=30604"}],"curies":[{"name":"wp","href":"https:\/\/api.w.org\/{rel}","templated":true}]}}