{"id":30607,"date":"2025-11-06T11:23:00","date_gmt":"2025-11-06T11:23:00","guid":{"rendered":"https:\/\/cipele.ba\/shop\/uncategorized\/nike-run-defy-2\/"},"modified":"2026-04-19T01:33:00","modified_gmt":"2026-04-19T01:33:00","slug":"nike-run-defy-2","status":"publish","type":"product","link":"https:\/\/cipele.ba\/en\/shop\/muskarci\/muske-patike\/nike-run-defy-2\/","title":{"rendered":"Nike Run Defy"},"content":{"rendered":"<p><!--googleoff: all--> <\/p>\n<p> Tr\u010dite po sopstvenim pravilima u potpuno novim Nike Run Defy mu\u0161kim patikama za tr\u010danje. <\/p>\n<\/p>\n<p> <b> Detalji: <\/b> <\/p>\n<li> Srednji \u0111on od pjene <\/li>\n<li> Fleksibilni \u017elebovi za amortizovani efekat tokom tr\u010danja <\/li>\n<li> Vafl spoljni \u0111on napravljen je od izdr\u017eljivog, fleksibilnog materijala <\/li>\n<li> Pjenasti rub je mek na dodir i pru\u017ea potporu <\/li>\n<li> Vi\u0161e gume na spoljnom \u0111onu pru\u017ea trakciju i izdr\u017eljivost <!--googleon: all--> <\/li>","protected":false},"excerpt":{"rendered":"<p>Tr\u010dite po sopstvenim pravilima u potpuno novim Nike Run Defy mu\u0161kim patikama za tr\u010danje. Detalji: Srednji \u0111on od pjene Fleksibilni \u017elebovi za amortizovani efekat tokom tr\u010danja Vafl spoljni \u0111on napravljen je od izdr\u017eljivog, fleksibilnog materijala Pjenasti rub je mek na dodir i pru\u017ea potporu Vi\u0161e gume na spoljnom \u0111onu pru\u017ea trakciju i izdr\u017eljivost<\/p>","protected":false},"featured_media":30605,"template":"","meta":{"jetpack_post_was_ever_published":false},"product_brand":[111],"product_cat":[67],"product_tag":[],"class_list":{"0":"post-30607","1":"product","2":"type-product","3":"status-publish","4":"has-post-thumbnail","6":"product_brand-sport_reality","7":"product_cat-muske-patike","9":"first","10":"instock","11":"shipping-taxable","12":"product-type-external"},"jetpack-related-posts":[],"jetpack_sharing_enabled":true,"_links":{"self":[{"href":"https:\/\/cipele.ba\/en\/wp-json\/wp\/v2\/product\/30607","targetHints":{"allow":["GET"]}}],"collection":[{"href":"https:\/\/cipele.ba\/en\/wp-json\/wp\/v2\/product"}],"about":[{"href":"https:\/\/cipele.ba\/en\/wp-json\/wp\/v2\/types\/product"}],"wp:featuredmedia":[{"embeddable":true,"href":"https:\/\/cipele.ba\/en\/wp-json\/wp\/v2\/media\/30605"}],"wp:attachment":[{"href":"https:\/\/cipele.ba\/en\/wp-json\/wp\/v2\/media?parent=30607"}],"wp:term":[{"taxonomy":"product_brand","embeddable":true,"href":"https:\/\/cipele.ba\/en\/wp-json\/wp\/v2\/product_brand?post=30607"},{"taxonomy":"product_cat","embeddable":true,"href":"https:\/\/cipele.ba\/en\/wp-json\/wp\/v2\/product_cat?post=30607"},{"taxonomy":"product_tag","embeddable":true,"href":"https:\/\/cipele.ba\/en\/wp-json\/wp\/v2\/product_tag?post=30607"}],"curies":[{"name":"wp","href":"https:\/\/api.w.org\/{rel}","templated":true}]}}