{"id":30620,"date":"2025-11-06T11:23:09","date_gmt":"2025-11-06T11:23:09","guid":{"rendered":"https:\/\/cipele.ba\/shop\/uncategorized\/puma-x-ray-3\/"},"modified":"2026-04-21T22:29:13","modified_gmt":"2026-04-21T22:29:13","slug":"puma-x-ray-3","status":"publish","type":"product","link":"https:\/\/cipele.ba\/en\/shop\/muskarci\/muske-patike\/puma-x-ray-3\/","title":{"rendered":"Puma X-Ray 3"},"content":{"rendered":"<p><!--googleoff: all--> <\/p>\n<p> Zakora\u010dite u budu\u0107nost dok odajete po\u010dast pro\u0161losti sa Puma X-Ray 3 uniseks patikama, koje kombinuju vibracije ranih 2000-ih sa modernim stilom. <\/p>\n<\/p>\n<p> <b> Detalji <\/b> <\/p>\n<li> Softfoam+ je dizajniran da pru\u017ei vrhunsku udobnost nude\u0107i meko ubla\u017eavanje, zahvaljuju\u0107i dodatno debelom \u0111onu koji poja\u010dava podr\u0161ku i apsorbuje udarce pri svakom koraku <\/li>\n<li> Imeva srednji \u0111on poma\u017ee u apsorbovanju udaraca i pru\u017ea responzivan osje\u0107aj <\/li>\n<li> Gornji dio od mje\u0161avine mre\u017ee i sintetike sa TPU prekriva\u010dima za izdr\u017eljivost i moderan izgled <!--googleon: all--> <\/li>","protected":false},"excerpt":{"rendered":"<p>Zakora\u010dite u budu\u0107nost dok odajete po\u010dast pro\u0161losti sa Puma X-Ray 3 uniseks patikama, koje kombinuju vibracije ranih 2000-ih sa modernim stilom. Detalji Softfoam+ je dizajniran da pru\u017ei vrhunsku udobnost nude\u0107i meko ubla\u017eavanje, zahvaljuju\u0107i dodatno debelom \u0111onu koji poja\u010dava podr\u0161ku i apsorbuje udarce pri svakom koraku Imeva srednji \u0111on poma\u017ee u apsorbovanju udaraca i pru\u017ea responzivan [&hellip;]<\/p>","protected":false},"featured_media":30617,"template":"","meta":{"jetpack_post_was_ever_published":false},"product_brand":[111],"product_cat":[67],"product_tag":[],"class_list":{"0":"post-30620","1":"product","2":"type-product","3":"status-publish","4":"has-post-thumbnail","6":"product_brand-sport_reality","7":"product_cat-muske-patike","9":"first","10":"instock","11":"shipping-taxable","12":"product-type-external"},"jetpack-related-posts":[],"jetpack_sharing_enabled":true,"_links":{"self":[{"href":"https:\/\/cipele.ba\/en\/wp-json\/wp\/v2\/product\/30620","targetHints":{"allow":["GET"]}}],"collection":[{"href":"https:\/\/cipele.ba\/en\/wp-json\/wp\/v2\/product"}],"about":[{"href":"https:\/\/cipele.ba\/en\/wp-json\/wp\/v2\/types\/product"}],"wp:featuredmedia":[{"embeddable":true,"href":"https:\/\/cipele.ba\/en\/wp-json\/wp\/v2\/media\/30617"}],"wp:attachment":[{"href":"https:\/\/cipele.ba\/en\/wp-json\/wp\/v2\/media?parent=30620"}],"wp:term":[{"taxonomy":"product_brand","embeddable":true,"href":"https:\/\/cipele.ba\/en\/wp-json\/wp\/v2\/product_brand?post=30620"},{"taxonomy":"product_cat","embeddable":true,"href":"https:\/\/cipele.ba\/en\/wp-json\/wp\/v2\/product_cat?post=30620"},{"taxonomy":"product_tag","embeddable":true,"href":"https:\/\/cipele.ba\/en\/wp-json\/wp\/v2\/product_tag?post=30620"}],"curies":[{"name":"wp","href":"https:\/\/api.w.org\/{rel}","templated":true}]}}