{"id":30637,"date":"2025-11-06T11:23:22","date_gmt":"2025-11-06T11:23:22","guid":{"rendered":"https:\/\/cipele.ba\/shop\/uncategorized\/nike-court-vision-6\/"},"modified":"2026-04-19T13:20:14","modified_gmt":"2026-04-19T13:20:14","slug":"nike-court-vision-6","status":"publish","type":"product","link":"https:\/\/cipele.ba\/en\/shop\/muskarci\/muske-patike\/nike-court-vision-6\/","title":{"rendered":"Nike Court Vision"},"content":{"rendered":"<p><!--googleoff: all--> <\/p>\n<p> Nike Court Vision mu\u0161ke lajfstajl patike kombinuju ko\u0161arka\u0161ki stil 80-ih i moderni izgled. <\/p>\n<\/p>\n<p> <b> Detalji <\/b> <\/p>\n<li> Upe\u010datljivo gornji\u0161te i za\u0161iveni preklopi zadr\u017eavaju su\u0161tinu originalnog stila <\/li>\n<li> Punjeni plitki rub izgleda elegantno i pru\u017ea fantasti\u010dan osje\u0107aj <\/li>\n<li> Rupice na prstima i stranama dodaju udobnost i prozra\u010dnost <\/li>\n<li> Gumeni spoljni \u0111on pru\u017ea stabilnost i dobru trakciju <!--googleon: all--> <\/li>","protected":false},"excerpt":{"rendered":"<p>Nike Court Vision mu\u0161ke lajfstajl patike kombinuju ko\u0161arka\u0161ki stil 80-ih i moderni izgled. Detalji Upe\u010datljivo gornji\u0161te i za\u0161iveni preklopi zadr\u017eavaju su\u0161tinu originalnog stila Punjeni plitki rub izgleda elegantno i pru\u017ea fantasti\u010dan osje\u0107aj Rupice na prstima i stranama dodaju udobnost i prozra\u010dnost Gumeni spoljni \u0111on pru\u017ea stabilnost i dobru trakciju<\/p>","protected":false},"featured_media":30634,"template":"","meta":{"jetpack_post_was_ever_published":false},"product_brand":[111],"product_cat":[67],"product_tag":[],"class_list":{"0":"post-30637","1":"product","2":"type-product","3":"status-publish","4":"has-post-thumbnail","6":"product_brand-sport_reality","7":"product_cat-muske-patike","9":"first","10":"instock","11":"sale","12":"shipping-taxable","13":"product-type-external"},"jetpack-related-posts":[],"jetpack_sharing_enabled":true,"_links":{"self":[{"href":"https:\/\/cipele.ba\/en\/wp-json\/wp\/v2\/product\/30637","targetHints":{"allow":["GET"]}}],"collection":[{"href":"https:\/\/cipele.ba\/en\/wp-json\/wp\/v2\/product"}],"about":[{"href":"https:\/\/cipele.ba\/en\/wp-json\/wp\/v2\/types\/product"}],"wp:featuredmedia":[{"embeddable":true,"href":"https:\/\/cipele.ba\/en\/wp-json\/wp\/v2\/media\/30634"}],"wp:attachment":[{"href":"https:\/\/cipele.ba\/en\/wp-json\/wp\/v2\/media?parent=30637"}],"wp:term":[{"taxonomy":"product_brand","embeddable":true,"href":"https:\/\/cipele.ba\/en\/wp-json\/wp\/v2\/product_brand?post=30637"},{"taxonomy":"product_cat","embeddable":true,"href":"https:\/\/cipele.ba\/en\/wp-json\/wp\/v2\/product_cat?post=30637"},{"taxonomy":"product_tag","embeddable":true,"href":"https:\/\/cipele.ba\/en\/wp-json\/wp\/v2\/product_tag?post=30637"}],"curies":[{"name":"wp","href":"https:\/\/api.w.org\/{rel}","templated":true}]}}