{"id":30647,"date":"2025-11-06T11:23:28","date_gmt":"2025-11-06T11:23:28","guid":{"rendered":"https:\/\/cipele.ba\/shop\/uncategorized\/nike-uplift-sc\/"},"modified":"2026-04-23T03:23:33","modified_gmt":"2026-04-23T03:23:33","slug":"nike-uplift-sc","status":"publish","type":"product","link":"https:\/\/cipele.ba\/en\/shop\/muskarci\/muske-patike\/nike-uplift-sc\/","title":{"rendered":"Nike Uplift Sc"},"content":{"rendered":"<p><!--googleoff: all--> <\/p>\n<p> Jednostavnost se spaja sa funkcionalno\u0161\u0107u kod ovih Nike Uplift Sc mu\u0161kih patika za tr\u010danje. <\/p>\n<\/p>\n<p> <b> Detalji <\/b> <\/p>\n<li> Ove patike vam pru\u017eaju udobnost koliko god da ih nosite <\/li>\n<li> Tekstilno gornji\u0161te je lagano i prozra\u010dno <\/li>\n<li> Debeli pjenasti srednji \u0111on pru\u017ea mek i udoban osje\u0107aj <\/li>\n<li> Gumeni spoljni \u0111on sa \u017eljebovima na prstima pru\u017ea izdr\u017eljivu trakciju koja se kre\u0107e s vama <!--googleon: all--> <\/li>","protected":false},"excerpt":{"rendered":"<p>Jednostavnost se spaja sa funkcionalno\u0161\u0107u kod ovih Nike Uplift Sc mu\u0161kih patika za tr\u010danje. Detalji Ove patike vam pru\u017eaju udobnost koliko god da ih nosite Tekstilno gornji\u0161te je lagano i prozra\u010dno Debeli pjenasti srednji \u0111on pru\u017ea mek i udoban osje\u0107aj Gumeni spoljni \u0111on sa \u017eljebovima na prstima pru\u017ea izdr\u017eljivu trakciju koja se kre\u0107e s vama<\/p>","protected":false},"featured_media":30644,"template":"","meta":{"jetpack_post_was_ever_published":false},"product_brand":[111],"product_cat":[67],"product_tag":[],"class_list":{"0":"post-30647","1":"product","2":"type-product","3":"status-publish","4":"has-post-thumbnail","6":"product_brand-sport_reality","7":"product_cat-muske-patike","9":"first","10":"instock","11":"shipping-taxable","12":"product-type-external"},"jetpack-related-posts":[],"jetpack_sharing_enabled":true,"_links":{"self":[{"href":"https:\/\/cipele.ba\/en\/wp-json\/wp\/v2\/product\/30647","targetHints":{"allow":["GET"]}}],"collection":[{"href":"https:\/\/cipele.ba\/en\/wp-json\/wp\/v2\/product"}],"about":[{"href":"https:\/\/cipele.ba\/en\/wp-json\/wp\/v2\/types\/product"}],"wp:featuredmedia":[{"embeddable":true,"href":"https:\/\/cipele.ba\/en\/wp-json\/wp\/v2\/media\/30644"}],"wp:attachment":[{"href":"https:\/\/cipele.ba\/en\/wp-json\/wp\/v2\/media?parent=30647"}],"wp:term":[{"taxonomy":"product_brand","embeddable":true,"href":"https:\/\/cipele.ba\/en\/wp-json\/wp\/v2\/product_brand?post=30647"},{"taxonomy":"product_cat","embeddable":true,"href":"https:\/\/cipele.ba\/en\/wp-json\/wp\/v2\/product_cat?post=30647"},{"taxonomy":"product_tag","embeddable":true,"href":"https:\/\/cipele.ba\/en\/wp-json\/wp\/v2\/product_tag?post=30647"}],"curies":[{"name":"wp","href":"https:\/\/api.w.org\/{rel}","templated":true}]}}