{"id":30648,"date":"2025-11-06T11:23:28","date_gmt":"2025-11-06T11:23:28","guid":{"rendered":"https:\/\/cipele.ba\/shop\/uncategorized\/nike-air-zoom-upturn-sc-2\/"},"modified":"2026-04-22T03:24:25","modified_gmt":"2026-04-22T03:24:25","slug":"nike-air-zoom-upturn-sc-2","status":"publish","type":"product","link":"https:\/\/cipele.ba\/en\/shop\/muskarci\/muske-patike\/nike-air-zoom-upturn-sc-2\/","title":{"rendered":"Nike Air Zoom Upturn SC"},"content":{"rendered":"<p><!--googleoff: all--> <\/p>\n<p> Prozra\u010dne, lagane, izdr\u017eljive. Nike Air Zoom Upturn SC mu\u0161ke patike za tr\u010danje kombinuju prozra\u010dne mre\u017easte elemente sa amortizovanim srednjim \u0111onom i izda\u0161nom Zoom Air jedinicom u peti, \u0161to ih \u010dini savr\u0161enim izborom za brzo obuvanje i pokret. <\/p>\n<\/p>\n<p> <b> Detalji: <\/b> <\/p>\n<li> Lagano i prozra\u010dno mre\u017easto gornji\u0161te <\/li>\n<li> Air Zoom amortizacija vam pru\u017ea osje\u0107aj brzog odraza sa zemlje <\/li>\n<li> Postavljeni jezik i rub dodaju amortizaciju tamo gdje vam je potrebna <\/li>\n<li> Srednji \u0111on od pjene <\/li>\n<li> Gumeni spoljni \u0111on <!--googleon: all--> <\/li>","protected":false},"excerpt":{"rendered":"<p>Prozra\u010dne, lagane, izdr\u017eljive. Nike Air Zoom Upturn SC mu\u0161ke patike za tr\u010danje kombinuju prozra\u010dne mre\u017easte elemente sa amortizovanim srednjim \u0111onom i izda\u0161nom Zoom Air jedinicom u peti, \u0161to ih \u010dini savr\u0161enim izborom za brzo obuvanje i pokret. Detalji: Lagano i prozra\u010dno mre\u017easto gornji\u0161te Air Zoom amortizacija vam pru\u017ea osje\u0107aj brzog odraza sa zemlje Postavljeni jezik [&hellip;]<\/p>","protected":false},"featured_media":30645,"template":"","meta":{"jetpack_post_was_ever_published":false},"product_brand":[111],"product_cat":[67],"product_tag":[],"class_list":{"0":"post-30648","1":"product","2":"type-product","3":"status-publish","4":"has-post-thumbnail","6":"product_brand-sport_reality","7":"product_cat-muske-patike","9":"first","10":"instock","11":"sale","12":"shipping-taxable","13":"product-type-external"},"jetpack-related-posts":[],"jetpack_sharing_enabled":true,"_links":{"self":[{"href":"https:\/\/cipele.ba\/en\/wp-json\/wp\/v2\/product\/30648","targetHints":{"allow":["GET"]}}],"collection":[{"href":"https:\/\/cipele.ba\/en\/wp-json\/wp\/v2\/product"}],"about":[{"href":"https:\/\/cipele.ba\/en\/wp-json\/wp\/v2\/types\/product"}],"wp:featuredmedia":[{"embeddable":true,"href":"https:\/\/cipele.ba\/en\/wp-json\/wp\/v2\/media\/30645"}],"wp:attachment":[{"href":"https:\/\/cipele.ba\/en\/wp-json\/wp\/v2\/media?parent=30648"}],"wp:term":[{"taxonomy":"product_brand","embeddable":true,"href":"https:\/\/cipele.ba\/en\/wp-json\/wp\/v2\/product_brand?post=30648"},{"taxonomy":"product_cat","embeddable":true,"href":"https:\/\/cipele.ba\/en\/wp-json\/wp\/v2\/product_cat?post=30648"},{"taxonomy":"product_tag","embeddable":true,"href":"https:\/\/cipele.ba\/en\/wp-json\/wp\/v2\/product_tag?post=30648"}],"curies":[{"name":"wp","href":"https:\/\/api.w.org\/{rel}","templated":true}]}}