{"id":30649,"date":"2025-11-06T11:23:29","date_gmt":"2025-11-06T11:23:29","guid":{"rendered":"https:\/\/cipele.ba\/shop\/uncategorized\/puma-club-ii\/"},"modified":"2026-04-21T10:43:59","modified_gmt":"2026-04-21T10:43:59","slug":"puma-club-ii","status":"publish","type":"product","link":"https:\/\/cipele.ba\/en\/shop\/muskarci\/muske-patike\/puma-club-ii\/","title":{"rendered":"Puma Club II"},"content":{"rendered":"<p><!--googleoff: all--> <\/p>\n<p> Podignite svoj uli\u010dni stil na slede\u0107i nivo u mu\u0161kim lifestyle patikama Puma Club II. <\/p>\n<\/p>\n<p> <b> Detalji <\/b> <\/p>\n<li> Softfoam+ ulo\u017eak je dizajniran da osigura meko amortizovanje zahvaljuju\u0107i izuzetno debeloj peti <\/li>\n<li> Regularno pristaje <\/li>\n<li> Gornji dio od antilopa <\/li>\n<li> Mre\u017easta podstava <\/li>\n<li> Pertlanje <\/li>\n<li> Gumeni potplat <!--googleon: all--> <\/li>","protected":false},"excerpt":{"rendered":"<p>Podignite svoj uli\u010dni stil na slede\u0107i nivo u mu\u0161kim lifestyle patikama Puma Club II. Detalji Softfoam+ ulo\u017eak je dizajniran da osigura meko amortizovanje zahvaljuju\u0107i izuzetno debeloj peti Regularno pristaje Gornji dio od antilopa Mre\u017easta podstava Pertlanje Gumeni potplat<\/p>","protected":false},"featured_media":30646,"template":"","meta":{"jetpack_post_was_ever_published":false},"product_brand":[111],"product_cat":[67],"product_tag":[],"class_list":{"0":"post-30649","1":"product","2":"type-product","3":"status-publish","4":"has-post-thumbnail","6":"product_brand-sport_reality","7":"product_cat-muske-patike","9":"first","10":"instock","11":"sale","12":"shipping-taxable","13":"product-type-external"},"jetpack-related-posts":[],"jetpack_sharing_enabled":true,"_links":{"self":[{"href":"https:\/\/cipele.ba\/en\/wp-json\/wp\/v2\/product\/30649","targetHints":{"allow":["GET"]}}],"collection":[{"href":"https:\/\/cipele.ba\/en\/wp-json\/wp\/v2\/product"}],"about":[{"href":"https:\/\/cipele.ba\/en\/wp-json\/wp\/v2\/types\/product"}],"wp:featuredmedia":[{"embeddable":true,"href":"https:\/\/cipele.ba\/en\/wp-json\/wp\/v2\/media\/30646"}],"wp:attachment":[{"href":"https:\/\/cipele.ba\/en\/wp-json\/wp\/v2\/media?parent=30649"}],"wp:term":[{"taxonomy":"product_brand","embeddable":true,"href":"https:\/\/cipele.ba\/en\/wp-json\/wp\/v2\/product_brand?post=30649"},{"taxonomy":"product_cat","embeddable":true,"href":"https:\/\/cipele.ba\/en\/wp-json\/wp\/v2\/product_cat?post=30649"},{"taxonomy":"product_tag","embeddable":true,"href":"https:\/\/cipele.ba\/en\/wp-json\/wp\/v2\/product_tag?post=30649"}],"curies":[{"name":"wp","href":"https:\/\/api.w.org\/{rel}","templated":true}]}}