{"id":30652,"date":"2025-11-06T11:23:32","date_gmt":"2025-11-06T11:23:32","guid":{"rendered":"https:\/\/cipele.ba\/shop\/uncategorized\/puma-leader-vt-bold\/"},"modified":"2026-04-23T09:03:12","modified_gmt":"2026-04-23T09:03:12","slug":"puma-leader-vt-bold","status":"publish","type":"product","link":"https:\/\/cipele.ba\/en\/shop\/muskarci\/muske-patike\/puma-leader-vt-bold\/","title":{"rendered":"Puma LEADER VT BOLD"},"content":{"rendered":"<p><!--googleoff: all--> <\/p>\n<p>Puma LEADER VT BOLD su mu\u0161ke patike za tr\u010danje, koje vam donose udobost na stazi i crtu izdr\u017eljivosti.<\/p>\n<p>Jasne linije gornji\u0161ta slede specifi\u010dan Puma stil, koji kreira upe\u010datljiv i sna\u017ean utisak i iste takve performanse. \u010cvrsti materijali, prirodna i sinteti\u010dka ko\u017ea, sintetika i tekstil su kombinovani sa ciljem da vam ove patike dugo traju. Sportska klasika ovaj put dobija posebno nagla\u0161enu crtu elagancije.<br \/>Ove patike \u0107e lako postati neodvojivi dio va\u0161eg trka\u010dkog stila. Puma kreira sportski stil, koji nikog ne ostavlja ravnodu\u0161nim.<br \/>Osjeti Puma LEADER VT BOLD kao neizostavan dio tvog sportskog vajba.<br \/>SPECIFIKACIJA PROIZVODA:<\/p>\n<li> Gornji dio: sinteti\u010dka ko\u017ea, tekstil <\/li>\n<li> Gumeni \u0111on <\/li>\n<li> Vezivanje na pertle <!--googleon: all--> <\/li>","protected":false},"excerpt":{"rendered":"<p>Puma LEADER VT BOLD su mu\u0161ke patike za tr\u010danje, koje vam donose udobost na stazi i crtu izdr\u017eljivosti. Jasne linije gornji\u0161ta slede specifi\u010dan Puma stil, koji kreira upe\u010datljiv i sna\u017ean utisak i iste takve performanse. \u010cvrsti materijali, prirodna i sinteti\u010dka ko\u017ea, sintetika i tekstil su kombinovani sa ciljem da vam ove patike dugo traju. Sportska [&hellip;]<\/p>","protected":false},"featured_media":30650,"template":"","meta":{"jetpack_post_was_ever_published":false},"product_brand":[111],"product_cat":[67],"product_tag":[],"class_list":{"0":"post-30652","1":"product","2":"type-product","3":"status-publish","4":"has-post-thumbnail","6":"product_brand-sport_reality","7":"product_cat-muske-patike","9":"first","10":"instock","11":"sale","12":"shipping-taxable","13":"product-type-external"},"jetpack-related-posts":[],"jetpack_sharing_enabled":true,"_links":{"self":[{"href":"https:\/\/cipele.ba\/en\/wp-json\/wp\/v2\/product\/30652","targetHints":{"allow":["GET"]}}],"collection":[{"href":"https:\/\/cipele.ba\/en\/wp-json\/wp\/v2\/product"}],"about":[{"href":"https:\/\/cipele.ba\/en\/wp-json\/wp\/v2\/types\/product"}],"wp:featuredmedia":[{"embeddable":true,"href":"https:\/\/cipele.ba\/en\/wp-json\/wp\/v2\/media\/30650"}],"wp:attachment":[{"href":"https:\/\/cipele.ba\/en\/wp-json\/wp\/v2\/media?parent=30652"}],"wp:term":[{"taxonomy":"product_brand","embeddable":true,"href":"https:\/\/cipele.ba\/en\/wp-json\/wp\/v2\/product_brand?post=30652"},{"taxonomy":"product_cat","embeddable":true,"href":"https:\/\/cipele.ba\/en\/wp-json\/wp\/v2\/product_cat?post=30652"},{"taxonomy":"product_tag","embeddable":true,"href":"https:\/\/cipele.ba\/en\/wp-json\/wp\/v2\/product_tag?post=30652"}],"curies":[{"name":"wp","href":"https:\/\/api.w.org\/{rel}","templated":true}]}}