{"id":30654,"date":"2025-11-06T11:23:33","date_gmt":"2025-11-06T11:23:33","guid":{"rendered":"https:\/\/cipele.ba\/shop\/uncategorized\/puma-x-ray-3-lt\/"},"modified":"2026-04-21T06:10:35","modified_gmt":"2026-04-21T06:10:35","slug":"puma-x-ray-3-lt","status":"publish","type":"product","link":"https:\/\/cipele.ba\/en\/shop\/muskarci\/muske-patike\/puma-x-ray-3-lt\/","title":{"rendered":"Puma X-Ray 3 LT"},"content":{"rendered":"<p><!--googleoff: all--> <\/p>\n<p> PUMA X-Ray 3 LT mu\u0161ke lifestyle patike nude odva\u017ean, chunky dizajn sa modernom tehnologijom amortizacije, kombinuju\u0107i stil i udobnost i kreiraju\u0107i model koji \u0107e se ista\u0107i u svakoj le\u017eernoj kombinaciji. <\/p>\n<\/p>\n<p> <b> Detalji: <\/b> <\/p>\n<li> Chunky silueta za trendy, retro \u0161mek <\/li>\n<li> Gornji\u0161te od mre\u017easte tkanine i sintetike koje di\u0161e i pru\u017ea udobnost i stabilnost <\/li>\n<li> Amortizuju\u0107i srednji \u0111on za pove\u0107anu udobnost pri no\u0161enju <\/li>\n<li> Izdr\u017eljivi gumeni spoljni \u0111on za odli\u010dnu trakciju <\/li>\n<li> PUMA brending <!--googleon: all--> <\/li>","protected":false},"excerpt":{"rendered":"<p>PUMA X-Ray 3 LT mu\u0161ke lifestyle patike nude odva\u017ean, chunky dizajn sa modernom tehnologijom amortizacije, kombinuju\u0107i stil i udobnost i kreiraju\u0107i model koji \u0107e se ista\u0107i u svakoj le\u017eernoj kombinaciji. Detalji: Chunky silueta za trendy, retro \u0161mek Gornji\u0161te od mre\u017easte tkanine i sintetike koje di\u0161e i pru\u017ea udobnost i stabilnost Amortizuju\u0107i srednji \u0111on za pove\u0107anu [&hellip;]<\/p>","protected":false},"featured_media":30653,"template":"","meta":{"jetpack_post_was_ever_published":false},"product_brand":[111],"product_cat":[67],"product_tag":[],"class_list":{"0":"post-30654","1":"product","2":"type-product","3":"status-publish","4":"has-post-thumbnail","6":"product_brand-sport_reality","7":"product_cat-muske-patike","9":"first","10":"instock","11":"sale","12":"shipping-taxable","13":"product-type-external"},"jetpack-related-posts":[],"jetpack_sharing_enabled":true,"_links":{"self":[{"href":"https:\/\/cipele.ba\/en\/wp-json\/wp\/v2\/product\/30654","targetHints":{"allow":["GET"]}}],"collection":[{"href":"https:\/\/cipele.ba\/en\/wp-json\/wp\/v2\/product"}],"about":[{"href":"https:\/\/cipele.ba\/en\/wp-json\/wp\/v2\/types\/product"}],"wp:featuredmedia":[{"embeddable":true,"href":"https:\/\/cipele.ba\/en\/wp-json\/wp\/v2\/media\/30653"}],"wp:attachment":[{"href":"https:\/\/cipele.ba\/en\/wp-json\/wp\/v2\/media?parent=30654"}],"wp:term":[{"taxonomy":"product_brand","embeddable":true,"href":"https:\/\/cipele.ba\/en\/wp-json\/wp\/v2\/product_brand?post=30654"},{"taxonomy":"product_cat","embeddable":true,"href":"https:\/\/cipele.ba\/en\/wp-json\/wp\/v2\/product_cat?post=30654"},{"taxonomy":"product_tag","embeddable":true,"href":"https:\/\/cipele.ba\/en\/wp-json\/wp\/v2\/product_tag?post=30654"}],"curies":[{"name":"wp","href":"https:\/\/api.w.org\/{rel}","templated":true}]}}