{"id":30655,"date":"2025-11-06T11:23:33","date_gmt":"2025-11-06T11:23:33","guid":{"rendered":"https:\/\/cipele.ba\/shop\/uncategorized\/puma-club-ii-era\/"},"modified":"2026-04-21T10:49:14","modified_gmt":"2026-04-21T10:49:14","slug":"puma-club-ii-era","status":"publish","type":"product","link":"https:\/\/cipele.ba\/en\/shop\/muskarci\/muske-patike\/puma-club-ii-era\/","title":{"rendered":"Puma Club II Era"},"content":{"rendered":"<p><!--googleoff: all--> <\/p>\n<p> Zakora\u010dite u stil uz PUMA Club II Era mu\u0161ke patike inspirisane terrace stilom sa elegantnim gornji\u0161tem od antilopa, dizajnom koji se sla\u017ee sa svim odjevnim kombinacijama i SOFTFOAM+ ulo\u0161kom za vrhunsku amortizaciju u svakom koraku. <\/p>\n<\/p>\n<p> <b> Detalji <\/b> <\/p>\n<li> SOFTFOAM+: Step-in udobni ulo\u017eak dizajniran tako da pru\u017ei meku amortizaciju zahvaljuju\u0107i podebljanju na petnom dijelu <\/li>\n<li> Slovo T na prstima i preklop na peti od antilopa <\/li>\n<li> Pertlanje <\/li>\n<li> Gumeni spoljni \u0111on <\/li>\n<li> PUMA linija na bo\u010dnoj strani <!--googleon: all--> <\/li>","protected":false},"excerpt":{"rendered":"<p>Zakora\u010dite u stil uz PUMA Club II Era mu\u0161ke patike inspirisane terrace stilom sa elegantnim gornji\u0161tem od antilopa, dizajnom koji se sla\u017ee sa svim odjevnim kombinacijama i SOFTFOAM+ ulo\u0161kom za vrhunsku amortizaciju u svakom koraku. Detalji SOFTFOAM+: Step-in udobni ulo\u017eak dizajniran tako da pru\u017ei meku amortizaciju zahvaljuju\u0107i podebljanju na petnom dijelu Slovo T na prstima [&hellip;]<\/p>","protected":false},"featured_media":30651,"template":"","meta":{"jetpack_post_was_ever_published":false},"product_brand":[111],"product_cat":[67],"product_tag":[],"class_list":{"0":"post-30655","1":"product","2":"type-product","3":"status-publish","4":"has-post-thumbnail","6":"product_brand-sport_reality","7":"product_cat-muske-patike","9":"first","10":"instock","11":"sale","12":"shipping-taxable","13":"product-type-external"},"jetpack-related-posts":[],"jetpack_sharing_enabled":true,"_links":{"self":[{"href":"https:\/\/cipele.ba\/en\/wp-json\/wp\/v2\/product\/30655","targetHints":{"allow":["GET"]}}],"collection":[{"href":"https:\/\/cipele.ba\/en\/wp-json\/wp\/v2\/product"}],"about":[{"href":"https:\/\/cipele.ba\/en\/wp-json\/wp\/v2\/types\/product"}],"wp:featuredmedia":[{"embeddable":true,"href":"https:\/\/cipele.ba\/en\/wp-json\/wp\/v2\/media\/30651"}],"wp:attachment":[{"href":"https:\/\/cipele.ba\/en\/wp-json\/wp\/v2\/media?parent=30655"}],"wp:term":[{"taxonomy":"product_brand","embeddable":true,"href":"https:\/\/cipele.ba\/en\/wp-json\/wp\/v2\/product_brand?post=30655"},{"taxonomy":"product_cat","embeddable":true,"href":"https:\/\/cipele.ba\/en\/wp-json\/wp\/v2\/product_cat?post=30655"},{"taxonomy":"product_tag","embeddable":true,"href":"https:\/\/cipele.ba\/en\/wp-json\/wp\/v2\/product_tag?post=30655"}],"curies":[{"name":"wp","href":"https:\/\/api.w.org\/{rel}","templated":true}]}}