{"id":30667,"date":"2025-11-06T11:23:41","date_gmt":"2025-11-06T11:23:41","guid":{"rendered":"https:\/\/cipele.ba\/shop\/uncategorized\/adidas-vl-court-3-0-5\/"},"modified":"2026-04-18T19:18:54","modified_gmt":"2026-04-18T19:18:54","slug":"adidas-vl-court-3-0-5","status":"publish","type":"product","link":"https:\/\/cipele.ba\/en\/shop\/muskarci\/muske-patike\/adidas-vl-court-3-0-5\/","title":{"rendered":"adidas VL Court 3.0"},"content":{"rendered":"<p><!--googleoff: all--> <\/p>\n<p>Jednostavne, a upe\u010datljive \u2013 ove adidas patike izra\u0111ene su od glatke ko\u017ee i oblo\u017eene za dodatnu udobnost. Lagano amortizovanje pru\u017ea podr\u0161ku potrebnu za svakodnevno kretanje, dok vulkanizovani gumeni \u0111on dodaje fleksibilnost i skaterski stil.<br \/>Detalji:<\/p>\n<li> Udobnost: Mekana postava i lagano amortizovanje za dugotrajno no\u0161enje.<\/li>\n<li> Stil: Vulkanizovani gumeni \u0111on i \u010dist dizajn za moderan, urban izgled.<\/li>\n<li>Prakti\u010dnost: Idealne za svakodnevne kombinacije uz maksimalnu podr\u0161ku <!--googleon: all--> <\/li>","protected":false},"excerpt":{"rendered":"<p>Jednostavne, a upe\u010datljive \u2013 ove adidas patike izra\u0111ene su od glatke ko\u017ee i oblo\u017eene za dodatnu udobnost. Lagano amortizovanje pru\u017ea podr\u0161ku potrebnu za svakodnevno kretanje, dok vulkanizovani gumeni \u0111on dodaje fleksibilnost i skaterski stil.Detalji: Udobnost: Mekana postava i lagano amortizovanje za dugotrajno no\u0161enje. Stil: Vulkanizovani gumeni \u0111on i \u010dist dizajn za moderan, urban izgled. Prakti\u010dnost: [&hellip;]<\/p>","protected":false},"featured_media":30663,"template":"","meta":{"jetpack_post_was_ever_published":false},"product_brand":[111],"product_cat":[67],"product_tag":[],"class_list":{"0":"post-30667","1":"product","2":"type-product","3":"status-publish","4":"has-post-thumbnail","6":"product_brand-sport_reality","7":"product_cat-muske-patike","9":"first","10":"instock","11":"sale","12":"shipping-taxable","13":"product-type-external"},"jetpack-related-posts":[],"jetpack_sharing_enabled":true,"_links":{"self":[{"href":"https:\/\/cipele.ba\/en\/wp-json\/wp\/v2\/product\/30667","targetHints":{"allow":["GET"]}}],"collection":[{"href":"https:\/\/cipele.ba\/en\/wp-json\/wp\/v2\/product"}],"about":[{"href":"https:\/\/cipele.ba\/en\/wp-json\/wp\/v2\/types\/product"}],"wp:featuredmedia":[{"embeddable":true,"href":"https:\/\/cipele.ba\/en\/wp-json\/wp\/v2\/media\/30663"}],"wp:attachment":[{"href":"https:\/\/cipele.ba\/en\/wp-json\/wp\/v2\/media?parent=30667"}],"wp:term":[{"taxonomy":"product_brand","embeddable":true,"href":"https:\/\/cipele.ba\/en\/wp-json\/wp\/v2\/product_brand?post=30667"},{"taxonomy":"product_cat","embeddable":true,"href":"https:\/\/cipele.ba\/en\/wp-json\/wp\/v2\/product_cat?post=30667"},{"taxonomy":"product_tag","embeddable":true,"href":"https:\/\/cipele.ba\/en\/wp-json\/wp\/v2\/product_tag?post=30667"}],"curies":[{"name":"wp","href":"https:\/\/api.w.org\/{rel}","templated":true}]}}