{"id":30671,"date":"2025-11-06T11:23:44","date_gmt":"2025-11-06T11:23:44","guid":{"rendered":"https:\/\/cipele.ba\/shop\/uncategorized\/adidas-runfalcon-5-4\/"},"modified":"2026-04-18T22:00:38","modified_gmt":"2026-04-18T22:00:38","slug":"adidas-runfalcon-5-4","status":"publish","type":"product","link":"https:\/\/cipele.ba\/en\/shop\/muskarci\/muske-patike\/adidas-runfalcon-5-4\/","title":{"rendered":"adidas Runfalcon 5"},"content":{"rendered":"<p><!--googleoff: all--> <\/p>\n<p> Kada krenete van staze, ove adidas mu\u0161ke patike za tr\u010danje su idealne za avanturisti\u010dko tr\u010danje na stazama u parkovima i neravnim terenima. <\/p>\n<\/p>\n<p> <b> Detalji <\/b> <\/p>\n<li> Vodootporno gornji\u0161te <\/li>\n<li> Adiwear spoljni \u0111on <\/li>\n<li> Cloudfoam amortizacija <!--googleon: all--> <\/li>","protected":false},"excerpt":{"rendered":"<p>Kada krenete van staze, ove adidas mu\u0161ke patike za tr\u010danje su idealne za avanturisti\u010dko tr\u010danje na stazama u parkovima i neravnim terenima. Detalji Vodootporno gornji\u0161te Adiwear spoljni \u0111on Cloudfoam amortizacija<\/p>","protected":false},"featured_media":30668,"template":"","meta":{"jetpack_post_was_ever_published":false},"product_brand":[111],"product_cat":[67],"product_tag":[],"class_list":{"0":"post-30671","1":"product","2":"type-product","3":"status-publish","4":"has-post-thumbnail","6":"product_brand-sport_reality","7":"product_cat-muske-patike","9":"first","10":"instock","11":"shipping-taxable","12":"product-type-external"},"jetpack-related-posts":[],"jetpack_sharing_enabled":true,"_links":{"self":[{"href":"https:\/\/cipele.ba\/en\/wp-json\/wp\/v2\/product\/30671","targetHints":{"allow":["GET"]}}],"collection":[{"href":"https:\/\/cipele.ba\/en\/wp-json\/wp\/v2\/product"}],"about":[{"href":"https:\/\/cipele.ba\/en\/wp-json\/wp\/v2\/types\/product"}],"wp:featuredmedia":[{"embeddable":true,"href":"https:\/\/cipele.ba\/en\/wp-json\/wp\/v2\/media\/30668"}],"wp:attachment":[{"href":"https:\/\/cipele.ba\/en\/wp-json\/wp\/v2\/media?parent=30671"}],"wp:term":[{"taxonomy":"product_brand","embeddable":true,"href":"https:\/\/cipele.ba\/en\/wp-json\/wp\/v2\/product_brand?post=30671"},{"taxonomy":"product_cat","embeddable":true,"href":"https:\/\/cipele.ba\/en\/wp-json\/wp\/v2\/product_cat?post=30671"},{"taxonomy":"product_tag","embeddable":true,"href":"https:\/\/cipele.ba\/en\/wp-json\/wp\/v2\/product_tag?post=30671"}],"curies":[{"name":"wp","href":"https:\/\/api.w.org\/{rel}","templated":true}]}}