{"id":30672,"date":"2025-11-06T11:23:45","date_gmt":"2025-11-06T11:23:45","guid":{"rendered":"https:\/\/cipele.ba\/shop\/uncategorized\/adidas-galaxy-7-4\/"},"modified":"2026-04-18T20:32:29","modified_gmt":"2026-04-18T20:32:29","slug":"adidas-galaxy-7-4","status":"publish","type":"product","link":"https:\/\/cipele.ba\/en\/shop\/muskarci\/muske-patike\/adidas-galaxy-7-4\/","title":{"rendered":"adidas Galaxy 7"},"content":{"rendered":"<p><!--googleoff: all--> <\/p>\n<p>Svako tr\u010danje je putovanje ka otkri\u0107u. Obujte ove adidas Galaxy 7 mu\u0161ke patike za tr\u010danje i istra\u017eite va\u0161 potencijal.<br \/>Detalji:<\/p>\n<li> Regular fit<\/li>\n<li> Pertlanje<\/li>\n<li> Tekstilno gornji\u0161te pru\u017ea stabilan osje\u0107aj od prvih krugova do prve trke na 5 km<\/li>\n<li> Tekstilna postava<\/li>\n<li> Cloudfoam srednji \u0111on amortizuje va\u0161e kretanje kako bi vam bilo udobno dok razvijate svoju izdr\u017eljivost<\/li>\n<li> TPU spoljni \u0111on pru\u017ea stabilnost i trakciju <!--googleon: all--> <\/li>","protected":false},"excerpt":{"rendered":"<p>Svako tr\u010danje je putovanje ka otkri\u0107u. Obujte ove adidas Galaxy 7 mu\u0161ke patike za tr\u010danje i istra\u017eite va\u0161 potencijal.Detalji: Regular fit Pertlanje Tekstilno gornji\u0161te pru\u017ea stabilan osje\u0107aj od prvih krugova do prve trke na 5 km Tekstilna postava Cloudfoam srednji \u0111on amortizuje va\u0161e kretanje kako bi vam bilo udobno dok razvijate svoju izdr\u017eljivost TPU spoljni [&hellip;]<\/p>","protected":false},"featured_media":30669,"template":"","meta":{"jetpack_post_was_ever_published":false},"product_brand":[111],"product_cat":[67],"product_tag":[],"class_list":{"0":"post-30672","1":"product","2":"type-product","3":"status-publish","4":"has-post-thumbnail","6":"product_brand-sport_reality","7":"product_cat-muske-patike","9":"first","10":"instock","11":"sale","12":"shipping-taxable","13":"product-type-external"},"jetpack-related-posts":[],"jetpack_sharing_enabled":true,"_links":{"self":[{"href":"https:\/\/cipele.ba\/en\/wp-json\/wp\/v2\/product\/30672","targetHints":{"allow":["GET"]}}],"collection":[{"href":"https:\/\/cipele.ba\/en\/wp-json\/wp\/v2\/product"}],"about":[{"href":"https:\/\/cipele.ba\/en\/wp-json\/wp\/v2\/types\/product"}],"wp:featuredmedia":[{"embeddable":true,"href":"https:\/\/cipele.ba\/en\/wp-json\/wp\/v2\/media\/30669"}],"wp:attachment":[{"href":"https:\/\/cipele.ba\/en\/wp-json\/wp\/v2\/media?parent=30672"}],"wp:term":[{"taxonomy":"product_brand","embeddable":true,"href":"https:\/\/cipele.ba\/en\/wp-json\/wp\/v2\/product_brand?post=30672"},{"taxonomy":"product_cat","embeddable":true,"href":"https:\/\/cipele.ba\/en\/wp-json\/wp\/v2\/product_cat?post=30672"},{"taxonomy":"product_tag","embeddable":true,"href":"https:\/\/cipele.ba\/en\/wp-json\/wp\/v2\/product_tag?post=30672"}],"curies":[{"name":"wp","href":"https:\/\/api.w.org\/{rel}","templated":true}]}}