{"id":31041,"date":"2025-11-06T11:49:04","date_gmt":"2025-11-06T11:49:04","guid":{"rendered":"https:\/\/cipele.ba\/shop\/uncategorized\/adidas-vl-court-bold-4\/"},"modified":"2026-04-21T14:01:10","modified_gmt":"2026-04-21T14:01:10","slug":"adidas-vl-court-bold-4","status":"publish","type":"product","link":"https:\/\/cipele.ba\/en\/shop\/zene\/zenske-patike\/adidas-vl-court-bold-4\/","title":{"rendered":"adidas VL Court Bold"},"content":{"rendered":"<p><!--googleoff: all--> <\/p>\n<p> Ove adidas VL Court Bold \u017eenske plitke, ali izuzetno izdr\u017eljive patike, kombinuju antilop i najlon za jedinstvenu kombinaciju udobnosti i stila. <\/p>\n<\/p>\n<p> <b> Detalji <\/b> <\/p>\n<li> Slojevite 3-Stripes patike sa stilom koji je inspirisan terenom <\/li>\n<li> Uobi\u010dajeni kroj <\/li>\n<li> Pertlanje <\/li>\n<li> Gornji\u0161te od antilopa i najlona <\/li>\n<li> Tekstilna postava <\/li>\n<li> Gumeni spoljni \u0111on <!--googleon: all--> <\/li>","protected":false},"excerpt":{"rendered":"<p>Ove adidas VL Court Bold \u017eenske plitke, ali izuzetno izdr\u017eljive patike, kombinuju antilop i najlon za jedinstvenu kombinaciju udobnosti i stila. Detalji Slojevite 3-Stripes patike sa stilom koji je inspirisan terenom Uobi\u010dajeni kroj Pertlanje Gornji\u0161te od antilopa i najlona Tekstilna postava Gumeni spoljni \u0111on<\/p>","protected":false},"featured_media":31038,"template":"","meta":{"jetpack_post_was_ever_published":false},"product_brand":[111],"product_cat":[63],"product_tag":[],"class_list":{"0":"post-31041","1":"product","2":"type-product","3":"status-publish","4":"has-post-thumbnail","6":"product_brand-sport_reality","7":"product_cat-zenske-patike","9":"first","10":"instock","11":"shipping-taxable","12":"product-type-external"},"jetpack-related-posts":[],"jetpack_sharing_enabled":true,"_links":{"self":[{"href":"https:\/\/cipele.ba\/en\/wp-json\/wp\/v2\/product\/31041","targetHints":{"allow":["GET"]}}],"collection":[{"href":"https:\/\/cipele.ba\/en\/wp-json\/wp\/v2\/product"}],"about":[{"href":"https:\/\/cipele.ba\/en\/wp-json\/wp\/v2\/types\/product"}],"wp:featuredmedia":[{"embeddable":true,"href":"https:\/\/cipele.ba\/en\/wp-json\/wp\/v2\/media\/31038"}],"wp:attachment":[{"href":"https:\/\/cipele.ba\/en\/wp-json\/wp\/v2\/media?parent=31041"}],"wp:term":[{"taxonomy":"product_brand","embeddable":true,"href":"https:\/\/cipele.ba\/en\/wp-json\/wp\/v2\/product_brand?post=31041"},{"taxonomy":"product_cat","embeddable":true,"href":"https:\/\/cipele.ba\/en\/wp-json\/wp\/v2\/product_cat?post=31041"},{"taxonomy":"product_tag","embeddable":true,"href":"https:\/\/cipele.ba\/en\/wp-json\/wp\/v2\/product_tag?post=31041"}],"curies":[{"name":"wp","href":"https:\/\/api.w.org\/{rel}","templated":true}]}}