{"id":31042,"date":"2025-11-06T11:49:05","date_gmt":"2025-11-06T11:49:05","guid":{"rendered":"https:\/\/cipele.ba\/shop\/uncategorized\/puma-club-ii-era-platform-wns\/"},"modified":"2026-04-20T04:30:26","modified_gmt":"2026-04-20T04:30:26","slug":"puma-club-ii-era-platform-wns","status":"publish","type":"product","link":"https:\/\/cipele.ba\/en\/shop\/zene\/zenske-patike\/puma-club-ii-era-platform-wns\/","title":{"rendered":"Puma Club II Era Platform Wns"},"content":{"rendered":"<p><!--googleoff: all--> <\/p>\n<p>Puma Club II Era Platform patike donose spoj sportske elegancije i urbanog stila, savr\u0161ene za \u017eene koje \u017eele da istaknu svoj modni izraz. Zahvaljuju\u0107i povi\u0161enoj platformi i \u010distim linijama, ove patike nude moderan izgled uz maksimalnu udobnost.<br \/>Detalji: <\/p>\n<li> Istaknut stil \u2013 platforma dodaje visinu i stav, idealna za urbane modne kombinacije.<\/li>\n<li> Sportska elegancija \u2013 dizajn inspirisan klasi\u010dnim sportskim modelima, ali prilago\u0111en savremenom \u017eenskom stilu.<\/li>\n<li> Udobnost i stabilnost \u2013 kvalitetna izrada i udoban \u0111on omogu\u0107avaju cjelodnevno no\u0161enje bez kompromisa. <!--googleon: all--> <\/li>","protected":false},"excerpt":{"rendered":"<p>Puma Club II Era Platform patike donose spoj sportske elegancije i urbanog stila, savr\u0161ene za \u017eene koje \u017eele da istaknu svoj modni izraz. Zahvaljuju\u0107i povi\u0161enoj platformi i \u010distim linijama, ove patike nude moderan izgled uz maksimalnu udobnost.Detalji: Istaknut stil \u2013 platforma dodaje visinu i stav, idealna za urbane modne kombinacije. Sportska elegancija \u2013 dizajn inspirisan [&hellip;]<\/p>","protected":false},"featured_media":31039,"template":"","meta":{"jetpack_post_was_ever_published":false},"product_brand":[111],"product_cat":[63],"product_tag":[],"class_list":{"0":"post-31042","1":"product","2":"type-product","3":"status-publish","4":"has-post-thumbnail","6":"product_brand-sport_reality","7":"product_cat-zenske-patike","9":"first","10":"instock","11":"sale","12":"shipping-taxable","13":"product-type-external"},"jetpack-related-posts":[],"jetpack_sharing_enabled":true,"_links":{"self":[{"href":"https:\/\/cipele.ba\/en\/wp-json\/wp\/v2\/product\/31042","targetHints":{"allow":["GET"]}}],"collection":[{"href":"https:\/\/cipele.ba\/en\/wp-json\/wp\/v2\/product"}],"about":[{"href":"https:\/\/cipele.ba\/en\/wp-json\/wp\/v2\/types\/product"}],"wp:featuredmedia":[{"embeddable":true,"href":"https:\/\/cipele.ba\/en\/wp-json\/wp\/v2\/media\/31039"}],"wp:attachment":[{"href":"https:\/\/cipele.ba\/en\/wp-json\/wp\/v2\/media?parent=31042"}],"wp:term":[{"taxonomy":"product_brand","embeddable":true,"href":"https:\/\/cipele.ba\/en\/wp-json\/wp\/v2\/product_brand?post=31042"},{"taxonomy":"product_cat","embeddable":true,"href":"https:\/\/cipele.ba\/en\/wp-json\/wp\/v2\/product_cat?post=31042"},{"taxonomy":"product_tag","embeddable":true,"href":"https:\/\/cipele.ba\/en\/wp-json\/wp\/v2\/product_tag?post=31042"}],"curies":[{"name":"wp","href":"https:\/\/api.w.org\/{rel}","templated":true}]}}