{"id":31047,"date":"2025-11-06T11:49:09","date_gmt":"2025-11-06T11:49:09","guid":{"rendered":"https:\/\/cipele.ba\/shop\/uncategorized\/skechers-bobs-b-flex-flex-proof\/"},"modified":"2026-04-20T06:17:17","modified_gmt":"2026-04-20T06:17:17","slug":"skechers-bobs-b-flex-flex-proof","status":"publish","type":"product","link":"https:\/\/cipele.ba\/en\/shop\/zene\/zenske-patike\/skechers-bobs-b-flex-flex-proof\/","title":{"rendered":"Skechers BOBS B FLEX &#8211; FLEX PROOF"},"content":{"rendered":"<p><!--googleoff: all--> <\/p>\n<p>Spremne za sve vremenske uslove i svaki korak \u2013 ove patike kombinuju za\u0161titu, udobnost i moderan izgled.<br \/>Detalji:<\/p>\n<li> Vodootporan dizajn \u0161titi stopala od ki\u0161e i vlage, idealan za aktivne dane.<\/li>\n<li> Debeli, jastu\u010dasti \u0111on pru\u017ea izuzetnu udobnost i amortizaciju pri svakom koraku.<\/li>\n<li> Moderan silueta lako se uklapa uz sportski i casual stil. <!--googleon: all--> <\/li>","protected":false},"excerpt":{"rendered":"<p>Spremne za sve vremenske uslove i svaki korak \u2013 ove patike kombinuju za\u0161titu, udobnost i moderan izgled.Detalji: Vodootporan dizajn \u0161titi stopala od ki\u0161e i vlage, idealan za aktivne dane. Debeli, jastu\u010dasti \u0111on pru\u017ea izuzetnu udobnost i amortizaciju pri svakom koraku. Moderan silueta lako se uklapa uz sportski i casual stil.<\/p>","protected":false},"featured_media":31044,"template":"","meta":{"jetpack_post_was_ever_published":false},"product_brand":[111],"product_cat":[63],"product_tag":[],"class_list":{"0":"post-31047","1":"product","2":"type-product","3":"status-publish","4":"has-post-thumbnail","6":"product_brand-sport_reality","7":"product_cat-zenske-patike","9":"first","10":"instock","11":"sale","12":"shipping-taxable","13":"product-type-external"},"jetpack-related-posts":[],"jetpack_sharing_enabled":true,"_links":{"self":[{"href":"https:\/\/cipele.ba\/en\/wp-json\/wp\/v2\/product\/31047","targetHints":{"allow":["GET"]}}],"collection":[{"href":"https:\/\/cipele.ba\/en\/wp-json\/wp\/v2\/product"}],"about":[{"href":"https:\/\/cipele.ba\/en\/wp-json\/wp\/v2\/types\/product"}],"wp:featuredmedia":[{"embeddable":true,"href":"https:\/\/cipele.ba\/en\/wp-json\/wp\/v2\/media\/31044"}],"wp:attachment":[{"href":"https:\/\/cipele.ba\/en\/wp-json\/wp\/v2\/media?parent=31047"}],"wp:term":[{"taxonomy":"product_brand","embeddable":true,"href":"https:\/\/cipele.ba\/en\/wp-json\/wp\/v2\/product_brand?post=31047"},{"taxonomy":"product_cat","embeddable":true,"href":"https:\/\/cipele.ba\/en\/wp-json\/wp\/v2\/product_cat?post=31047"},{"taxonomy":"product_tag","embeddable":true,"href":"https:\/\/cipele.ba\/en\/wp-json\/wp\/v2\/product_tag?post=31047"}],"curies":[{"name":"wp","href":"https:\/\/api.w.org\/{rel}","templated":true}]}}