{"id":31048,"date":"2025-11-06T11:49:09","date_gmt":"2025-11-06T11:49:09","guid":{"rendered":"https:\/\/cipele.ba\/shop\/uncategorized\/kronos-aurora\/"},"modified":"2026-04-20T02:20:06","modified_gmt":"2026-04-20T02:20:06","slug":"kronos-aurora","status":"publish","type":"product","link":"https:\/\/cipele.ba\/en\/shop\/zene\/zenske-patike\/kronos-aurora\/","title":{"rendered":"Kronos Aurora"},"content":{"rendered":"<p><!--googleoff: all--> <\/p>\n<p> Ne dozvoli da te i\u0161ta sprije\u010di u izra\u017eavanju u ovim Kronos Aurora \u017eenskim lifestyle patikama. <\/p>\n<\/p>\n<p> <b> Detalji <\/b> <\/p>\n<li> Vezanje na pertle <\/li>\n<li> Kronos logo <\/li>\n<li> Jezi\u010dak za povla\u010denje na peti <!--googleon: all--> <\/li>","protected":false},"excerpt":{"rendered":"<p>Ne dozvoli da te i\u0161ta sprije\u010di u izra\u017eavanju u ovim Kronos Aurora \u017eenskim lifestyle patikama. Detalji Vezanje na pertle Kronos logo Jezi\u010dak za povla\u010denje na peti<\/p>","protected":false},"featured_media":31045,"template":"","meta":{"jetpack_post_was_ever_published":false},"product_brand":[111],"product_cat":[63],"product_tag":[],"class_list":{"0":"post-31048","1":"product","2":"type-product","3":"status-publish","4":"has-post-thumbnail","6":"product_brand-sport_reality","7":"product_cat-zenske-patike","9":"first","10":"instock","11":"shipping-taxable","12":"product-type-external"},"jetpack-related-posts":[],"jetpack_sharing_enabled":true,"_links":{"self":[{"href":"https:\/\/cipele.ba\/en\/wp-json\/wp\/v2\/product\/31048","targetHints":{"allow":["GET"]}}],"collection":[{"href":"https:\/\/cipele.ba\/en\/wp-json\/wp\/v2\/product"}],"about":[{"href":"https:\/\/cipele.ba\/en\/wp-json\/wp\/v2\/types\/product"}],"wp:featuredmedia":[{"embeddable":true,"href":"https:\/\/cipele.ba\/en\/wp-json\/wp\/v2\/media\/31045"}],"wp:attachment":[{"href":"https:\/\/cipele.ba\/en\/wp-json\/wp\/v2\/media?parent=31048"}],"wp:term":[{"taxonomy":"product_brand","embeddable":true,"href":"https:\/\/cipele.ba\/en\/wp-json\/wp\/v2\/product_brand?post=31048"},{"taxonomy":"product_cat","embeddable":true,"href":"https:\/\/cipele.ba\/en\/wp-json\/wp\/v2\/product_cat?post=31048"},{"taxonomy":"product_tag","embeddable":true,"href":"https:\/\/cipele.ba\/en\/wp-json\/wp\/v2\/product_tag?post=31048"}],"curies":[{"name":"wp","href":"https:\/\/api.w.org\/{rel}","templated":true}]}}